{"id":521,"date":"2022-05-03T15:35:13","date_gmt":"2022-05-03T07:35:13","guid":{"rendered":"https:\/\/widermatrix.com\/?post_type=product&#038;p=521"},"modified":"2025-02-24T16:13:21","modified_gmt":"2025-02-24T08:13:21","slug":"cutomizado","status":"publish","type":"product","link":"https:\/\/widermatrix.com\/es\/product\/cutomized\/","title":{"rendered":"M\u00e1quina expendedora autom\u00e1tica de algod\u00f3n de az\u00facar OEM"},"content":{"rendered":"<div style=\"width: 720px;\" class=\"wp-video\"><video class=\"wp-video-shortcode\" id=\"video-521-1\" width=\"720\" height=\"960\" preload=\"metadata\" controls=\"controls\"><source type=\"video\/mp4\" src=\"https:\/\/widermatrix.com\/wp-content\/uploads\/2022\/05\/Customized-1.mp4?_=1\" \/><a href=\"https:\/\/widermatrix.com\/wp-content\/uploads\/2022\/05\/Customized-1.mp4\">https:\/\/widermatrix.com\/wp-content\/uploads\/2022\/05\/Customized-1.mp4<\/a><\/video><\/div>\n<h1 style=\"text-align: center;\">Dise\u00f1o general personalizado<\/h1>\n<p style=\"text-align: center;\"><img loading=\"lazy\" decoding=\"async\" class=\"alignnone wp-image-836 size-full alignleft\" src=\"https:\/\/widermatrix.com\/wp-content\/uploads\/2022\/05\/Customized-1.jpg\" alt=\"\" width=\"1200\" height=\"804\" srcset=\"https:\/\/widermatrix.com\/wp-content\/uploads\/2022\/05\/Customized-1.jpg 1200w, https:\/\/widermatrix.com\/wp-content\/uploads\/2022\/05\/Customized-1-300x201.jpg 300w, https:\/\/widermatrix.com\/wp-content\/uploads\/2022\/05\/Customized-1-1024x686.jpg 1024w, https:\/\/widermatrix.com\/wp-content\/uploads\/2022\/05\/Customized-1-768x515.jpg 768w, https:\/\/widermatrix.com\/wp-content\/uploads\/2022\/05\/Customized-1-600x402.jpg 600w\" sizes=\"auto, (max-width: 1200px) 100vw, 1200px\" \/><\/p>\n<p><img loading=\"lazy\" decoding=\"async\" class=\"alignnone wp-image-920 size-full\" src=\"https:\/\/widermatrix.com\/wp-content\/uploads\/2022\/05\/general-2-scaled.jpg\" alt=\"\" width=\"2560\" height=\"1440\" srcset=\"https:\/\/widermatrix.com\/wp-content\/uploads\/2022\/05\/general-2-scaled.jpg 2560w, https:\/\/widermatrix.com\/wp-content\/uploads\/2022\/05\/general-2-300x169.jpg 300w, https:\/\/widermatrix.com\/wp-content\/uploads\/2022\/05\/general-2-1024x576.jpg 1024w, https:\/\/widermatrix.com\/wp-content\/uploads\/2022\/05\/general-2-768x432.jpg 768w, https:\/\/widermatrix.com\/wp-content\/uploads\/2022\/05\/general-2-1536x864.jpg 1536w, https:\/\/widermatrix.com\/wp-content\/uploads\/2022\/05\/general-2-2048x1152.jpg 2048w, https:\/\/widermatrix.com\/wp-content\/uploads\/2022\/05\/general-2-600x338.jpg 600w\" sizes=\"auto, (max-width: 2560px) 100vw, 2560px\" \/> <img loading=\"lazy\" decoding=\"async\" class=\"alignnone wp-image-921 size-full\" src=\"https:\/\/widermatrix.com\/wp-content\/uploads\/2022\/05\/general-scaled.jpg\" alt=\"\" width=\"2560\" height=\"1440\" srcset=\"https:\/\/widermatrix.com\/wp-content\/uploads\/2022\/05\/general-scaled.jpg 2560w, https:\/\/widermatrix.com\/wp-content\/uploads\/2022\/05\/general-300x169.jpg 300w, https:\/\/widermatrix.com\/wp-content\/uploads\/2022\/05\/general-1024x576.jpg 1024w, https:\/\/widermatrix.com\/wp-content\/uploads\/2022\/05\/general-768x432.jpg 768w, https:\/\/widermatrix.com\/wp-content\/uploads\/2022\/05\/general-1536x864.jpg 1536w, https:\/\/widermatrix.com\/wp-content\/uploads\/2022\/05\/general-2048x1152.jpg 2048w, https:\/\/widermatrix.com\/wp-content\/uploads\/2022\/05\/general-600x338.jpg 600w\" sizes=\"auto, (max-width: 2560px) 100vw, 2560px\" \/> <img loading=\"lazy\" decoding=\"async\" class=\"alignnone wp-image-922 size-full\" src=\"https:\/\/widermatrix.com\/wp-content\/uploads\/2022\/05\/interface-cutomize-scaled.jpg\" alt=\"\" width=\"2560\" height=\"1440\" srcset=\"https:\/\/widermatrix.com\/wp-content\/uploads\/2022\/05\/interface-cutomize-scaled.jpg 2560w, https:\/\/widermatrix.com\/wp-content\/uploads\/2022\/05\/interface-cutomize-300x169.jpg 300w, https:\/\/widermatrix.com\/wp-content\/uploads\/2022\/05\/interface-cutomize-1024x576.jpg 1024w, https:\/\/widermatrix.com\/wp-content\/uploads\/2022\/05\/interface-cutomize-768x432.jpg 768w, https:\/\/widermatrix.com\/wp-content\/uploads\/2022\/05\/interface-cutomize-1536x864.jpg 1536w, https:\/\/widermatrix.com\/wp-content\/uploads\/2022\/05\/interface-cutomize-2048x1152.jpg 2048w, https:\/\/widermatrix.com\/wp-content\/uploads\/2022\/05\/interface-cutomize-600x338.jpg 600w\" sizes=\"auto, (max-width: 2560px) 100vw, 2560px\" \/> <img loading=\"lazy\" decoding=\"async\" class=\"alignnone wp-image-923 size-full\" src=\"https:\/\/widermatrix.com\/wp-content\/uploads\/2022\/05\/lightbox-customize.jpg\" alt=\"\" width=\"1920\" height=\"1080\" srcset=\"https:\/\/widermatrix.com\/wp-content\/uploads\/2022\/05\/lightbox-customize.jpg 1920w, https:\/\/widermatrix.com\/wp-content\/uploads\/2022\/05\/lightbox-customize-300x169.jpg 300w, https:\/\/widermatrix.com\/wp-content\/uploads\/2022\/05\/lightbox-customize-1024x576.jpg 1024w, https:\/\/widermatrix.com\/wp-content\/uploads\/2022\/05\/lightbox-customize-768x432.jpg 768w, https:\/\/widermatrix.com\/wp-content\/uploads\/2022\/05\/lightbox-customize-1536x864.jpg 1536w, https:\/\/widermatrix.com\/wp-content\/uploads\/2022\/05\/lightbox-customize-600x338.jpg 600w\" sizes=\"auto, (max-width: 1920px) 100vw, 1920px\" \/> <img loading=\"lazy\" decoding=\"async\" class=\"alignnone wp-image-924 size-full\" src=\"https:\/\/widermatrix.com\/wp-content\/uploads\/2022\/05\/metal-customize-scaled.jpg\" alt=\"\" width=\"2560\" height=\"1440\" srcset=\"https:\/\/widermatrix.com\/wp-content\/uploads\/2022\/05\/metal-customize-scaled.jpg 2560w, https:\/\/widermatrix.com\/wp-content\/uploads\/2022\/05\/metal-customize-300x169.jpg 300w, https:\/\/widermatrix.com\/wp-content\/uploads\/2022\/05\/metal-customize-1024x576.jpg 1024w, https:\/\/widermatrix.com\/wp-content\/uploads\/2022\/05\/metal-customize-768x432.jpg 768w, https:\/\/widermatrix.com\/wp-content\/uploads\/2022\/05\/metal-customize-1536x864.jpg 1536w, https:\/\/widermatrix.com\/wp-content\/uploads\/2022\/05\/metal-customize-2048x1152.jpg 2048w, https:\/\/widermatrix.com\/wp-content\/uploads\/2022\/05\/metal-customize-600x338.jpg 600w\" sizes=\"auto, (max-width: 2560px) 100vw, 2560px\" \/> \u00a0<img loading=\"lazy\" decoding=\"async\" class=\"alignnone wp-image-926 size-full\" src=\"https:\/\/widermatrix.com\/wp-content\/uploads\/2022\/05\/window-logo-cutomize.jpg\" alt=\"\" width=\"1920\" height=\"1080\" srcset=\"https:\/\/widermatrix.com\/wp-content\/uploads\/2022\/05\/window-logo-cutomize.jpg 1920w, https:\/\/widermatrix.com\/wp-content\/uploads\/2022\/05\/window-logo-cutomize-300x169.jpg 300w, https:\/\/widermatrix.com\/wp-content\/uploads\/2022\/05\/window-logo-cutomize-1024x576.jpg 1024w, https:\/\/widermatrix.com\/wp-content\/uploads\/2022\/05\/window-logo-cutomize-768x432.jpg 768w, https:\/\/widermatrix.com\/wp-content\/uploads\/2022\/05\/window-logo-cutomize-1536x864.jpg 1536w, https:\/\/widermatrix.com\/wp-content\/uploads\/2022\/05\/window-logo-cutomize-600x338.jpg 600w\" sizes=\"auto, (max-width: 1920px) 100vw, 1920px\" \/><img loading=\"lazy\" decoding=\"async\" class=\"alignnone wp-image-925 size-full\" src=\"https:\/\/widermatrix.com\/wp-content\/uploads\/2022\/05\/Sticker-cutomize-scaled.jpg\" alt=\"\" width=\"1440\" height=\"2560\" srcset=\"https:\/\/widermatrix.com\/wp-content\/uploads\/2022\/05\/Sticker-cutomize-scaled.jpg 1440w, https:\/\/widermatrix.com\/wp-content\/uploads\/2022\/05\/Sticker-cutomize-169x300.jpg 169w, https:\/\/widermatrix.com\/wp-content\/uploads\/2022\/05\/Sticker-cutomize-576x1024.jpg 576w, https:\/\/widermatrix.com\/wp-content\/uploads\/2022\/05\/Sticker-cutomize-768x1365.jpg 768w, https:\/\/widermatrix.com\/wp-content\/uploads\/2022\/05\/Sticker-cutomize-864x1536.jpg 864w, https:\/\/widermatrix.com\/wp-content\/uploads\/2022\/05\/Sticker-cutomize-1152x2048.jpg 1152w, https:\/\/widermatrix.com\/wp-content\/uploads\/2022\/05\/Sticker-cutomize-600x1067.jpg 600w\" sizes=\"auto, (max-width: 1440px) 100vw, 1440px\" \/><\/p>\n<p style=\"text-align: center;\">","protected":false},"excerpt":{"rendered":"<p>- Totalmente autom\u00e1tico<br \/>\n- Configuraci\u00f3n y control remotos.<br \/>\n- Alto margen de beneficios<br \/>\n- Utilice az\u00facar normal de 1,2 mm a 1,7 mm.<br \/>\n- Vienen con 3000 palitos de papel aprobados por la FDA<br \/>\n- Variedad de patrones<br \/>\n- Servicio OEM disponible<br \/>\n- Tacto no pegajoso<br \/>\n- F\u00e1cil de limpiar y recargar<br \/>\n- Servicio DDP to Door para EE.UU., Arabia Saud\u00ed, Dubai, Canad\u00e1 y Europa<\/p>","protected":false},"featured_media":3495,"comment_status":"open","ping_status":"closed","template":"","meta":{"_acf_changed":false,"site-sidebar-layout":"default","site-content-layout":"default","ast-site-content-layout":"default","site-content-style":"default","site-sidebar-style":"default","ast-global-header-display":"","ast-banner-title-visibility":"","ast-main-header-display":"","ast-hfb-above-header-display":"","ast-hfb-below-header-display":"","ast-hfb-mobile-header-display":"","site-post-title":"","ast-breadcrumbs-content":"","ast-featured-img":"","footer-sml-layout":"","ast-disable-related-posts":"","theme-transparent-header-meta":"default","adv-header-id-meta":"","stick-header-meta":"","header-above-stick-meta":"","header-main-stick-meta":"","header-below-stick-meta":"","astra-migrate-meta-layouts":"default","ast-page-background-enabled":"default","ast-page-background-meta":{"desktop":{"background-color":"var(--ast-global-color-4)","background-image":"","background-repeat":"repeat","background-position":"center center","background-size":"auto","background-attachment":"scroll","background-type":"","background-media":"","overlay-type":"","overlay-color":"","overlay-opacity":"","overlay-gradient":""},"tablet":{"background-color":"","background-image":"","background-repeat":"repeat","background-position":"center center","background-size":"auto","background-attachment":"scroll","background-type":"","background-media":"","overlay-type":"","overlay-color":"","overlay-opacity":"","overlay-gradient":""},"mobile":{"background-color":"","background-image":"","background-repeat":"repeat","background-position":"center center","background-size":"auto","background-attachment":"scroll","background-type":"","background-media":"","overlay-type":"","overlay-color":"","overlay-opacity":"","overlay-gradient":""}},"ast-content-background-meta":{"desktop":{"background-color":"var(--ast-global-color-5)","background-image":"","background-repeat":"repeat","background-position":"center center","background-size":"auto","background-attachment":"scroll","background-type":"","background-media":"","overlay-type":"","overlay-color":"","overlay-opacity":"","overlay-gradient":""},"tablet":{"background-color":"var(--ast-global-color-5)","background-image":"","background-repeat":"repeat","background-position":"center center","background-size":"auto","background-attachment":"scroll","background-type":"","background-media":"","overlay-type":"","overlay-color":"","overlay-opacity":"","overlay-gradient":""},"mobile":{"background-color":"var(--ast-global-color-5)","background-image":"","background-repeat":"repeat","background-position":"center center","background-size":"auto","background-attachment":"scroll","background-type":"","background-media":"","overlay-type":"","overlay-color":"","overlay-opacity":"","overlay-gradient":""}}},"product_cat":[57,26],"product_tag":[65,68,66,67,64],"class_list":{"0":"post-521","1":"product","2":"type-product","3":"status-publish","4":"has-post-thumbnail","6":"product_cat-cotton-candy-vending-machine","7":"product_cat-double-cabinet","8":"product_tag-automatic-vending","9":"product_tag-double-cabinet","10":"product_tag-easy-operate","11":"product_tag-high-revenue","12":"product_tag-remote-control","13":"desktop-align-left","14":"tablet-align-left","15":"mobile-align-left","17":"first","18":"instock","19":"featured","20":"shipping-taxable","21":"product-type-simple"},"acf":[],"yoast_head":"<!-- This site is optimized with the Yoast SEO plugin v27.3 - https:\/\/yoast.com\/product\/yoast-seo-wordpress\/ -->\n<title>Automatic Cotton Candy Vending Machine OEM - Wider Matrix - Automatic Cotton Candy Vending Machine<\/title>\n<meta name=\"robots\" content=\"index, follow, max-snippet:-1, max-image-preview:large, max-video-preview:-1\" \/>\n<link rel=\"canonical\" href=\"https:\/\/widermatrix.com\/es\/producto\/cutomizado\/\" \/>\n<meta property=\"og:locale\" content=\"es_MX\" \/>\n<meta property=\"og:type\" content=\"article\" \/>\n<meta property=\"og:title\" content=\"Automatic Cotton Candy Vending Machine OEM - Wider Matrix - Automatic Cotton Candy Vending Machine\" \/>\n<meta property=\"og:description\" content=\"\u00b7 Full automatic \u00b7 Remote config and control. \u00b7 High-profit margin \u00b7 Use regular sugar within 1.2mm~1.7mm \u00b7 Come with 3000 FDA-approved paper sticks \u00b7 Variety choice of patterns \u00b7 OEM service available \u00b7 Non-sticky touch \u00b7 Easy to clean and reload \u00b7 DDP to Door service for USA, Saudi Arabia, Dubai, Canada, and Europe\" \/>\n<meta property=\"og:url\" content=\"https:\/\/widermatrix.com\/es\/producto\/cutomizado\/\" \/>\n<meta property=\"og:site_name\" content=\"Wider Matrix - Automatic Cotton Candy Vending Machine\" \/>\n<meta property=\"article:modified_time\" content=\"2025-02-24T08:13:21+00:00\" \/>\n<meta property=\"og:image\" content=\"https:\/\/widermatrix.com\/wp-content\/uploads\/2023\/06\/15-1024x1024.png\" \/>\n\t<meta property=\"og:image:width\" content=\"1024\" \/>\n\t<meta property=\"og:image:height\" content=\"1024\" \/>\n\t<meta property=\"og:image:type\" content=\"image\/png\" \/>\n<meta name=\"twitter:card\" content=\"summary_large_image\" \/>\n<meta name=\"twitter:label1\" content=\"Tiempo de lectura\" \/>\n\t<meta name=\"twitter:data1\" content=\"2 minutos\" \/>\n<script type=\"application\/ld+json\" class=\"yoast-schema-graph\">{\"@context\":\"https:\\\/\\\/schema.org\",\"@graph\":[{\"@type\":\"WebPage\",\"@id\":\"https:\\\/\\\/widermatrix.com\\\/product\\\/cutomized\\\/\",\"url\":\"https:\\\/\\\/widermatrix.com\\\/product\\\/cutomized\\\/\",\"name\":\"Automatic Cotton Candy Vending Machine OEM - Wider Matrix - Automatic Cotton Candy Vending Machine\",\"isPartOf\":{\"@id\":\"https:\\\/\\\/widermatrix.com\\\/#website\"},\"primaryImageOfPage\":{\"@id\":\"https:\\\/\\\/widermatrix.com\\\/product\\\/cutomized\\\/#primaryimage\"},\"image\":{\"@id\":\"https:\\\/\\\/widermatrix.com\\\/product\\\/cutomized\\\/#primaryimage\"},\"thumbnailUrl\":\"https:\\\/\\\/widermatrix.com\\\/wp-content\\\/uploads\\\/2023\\\/06\\\/15.png\",\"datePublished\":\"2022-05-03T07:35:13+00:00\",\"dateModified\":\"2025-02-24T08:13:21+00:00\",\"breadcrumb\":{\"@id\":\"https:\\\/\\\/widermatrix.com\\\/product\\\/cutomized\\\/#breadcrumb\"},\"inLanguage\":\"es\",\"potentialAction\":[{\"@type\":\"ReadAction\",\"target\":[\"https:\\\/\\\/widermatrix.com\\\/product\\\/cutomized\\\/\"]}]},{\"@type\":\"ImageObject\",\"inLanguage\":\"es\",\"@id\":\"https:\\\/\\\/widermatrix.com\\\/product\\\/cutomized\\\/#primaryimage\",\"url\":\"https:\\\/\\\/widermatrix.com\\\/wp-content\\\/uploads\\\/2023\\\/06\\\/15.png\",\"contentUrl\":\"https:\\\/\\\/widermatrix.com\\\/wp-content\\\/uploads\\\/2023\\\/06\\\/15.png\",\"width\":2400,\"height\":2400},{\"@type\":\"BreadcrumbList\",\"@id\":\"https:\\\/\\\/widermatrix.com\\\/product\\\/cutomized\\\/#breadcrumb\",\"itemListElement\":[{\"@type\":\"ListItem\",\"position\":1,\"name\":\"Home\",\"item\":\"https:\\\/\\\/widermatrix.com\\\/\"},{\"@type\":\"ListItem\",\"position\":2,\"name\":\"Product\",\"item\":\"https:\\\/\\\/widermatrix.com\\\/product\\\/\"},{\"@type\":\"ListItem\",\"position\":3,\"name\":\"Automatic Cotton Candy Vending Machine OEM\"}]},{\"@type\":\"WebSite\",\"@id\":\"https:\\\/\\\/widermatrix.com\\\/#website\",\"url\":\"https:\\\/\\\/widermatrix.com\\\/\",\"name\":\"Wider Matrix - Automatic Cotton Candy Vending Machine\",\"description\":\"Blue Ocean products in the vending machine industry\uff01\",\"publisher\":{\"@id\":\"https:\\\/\\\/widermatrix.com\\\/#organization\"},\"potentialAction\":[{\"@type\":\"SearchAction\",\"target\":{\"@type\":\"EntryPoint\",\"urlTemplate\":\"https:\\\/\\\/widermatrix.com\\\/?s={search_term_string}\"},\"query-input\":{\"@type\":\"PropertyValueSpecification\",\"valueRequired\":true,\"valueName\":\"search_term_string\"}}],\"inLanguage\":\"es\"},{\"@type\":\"Organization\",\"@id\":\"https:\\\/\\\/widermatrix.com\\\/#organization\",\"name\":\"Wider Matrix - Automatic Cotton Candy Vending Machine\",\"url\":\"https:\\\/\\\/widermatrix.com\\\/\",\"logo\":{\"@type\":\"ImageObject\",\"inLanguage\":\"es\",\"@id\":\"https:\\\/\\\/widermatrix.com\\\/#\\\/schema\\\/logo\\\/image\\\/\",\"url\":\"https:\\\/\\\/widermatrix.com\\\/wp-content\\\/uploads\\\/2022\\\/04\\\/cropped-website-logo.png\",\"contentUrl\":\"https:\\\/\\\/widermatrix.com\\\/wp-content\\\/uploads\\\/2022\\\/04\\\/cropped-website-logo.png\",\"width\":250,\"height\":120,\"caption\":\"Wider Matrix - Automatic Cotton Candy Vending Machine\"},\"image\":{\"@id\":\"https:\\\/\\\/widermatrix.com\\\/#\\\/schema\\\/logo\\\/image\\\/\"}}]}<\/script>\n<!-- \/ Yoast SEO plugin. -->","yoast_head_json":{"title":"M\u00e1quina expendedora autom\u00e1tica de algod\u00f3n de az\u00facar OEM - Wider Matrix - M\u00e1quina expendedora autom\u00e1tica de algod\u00f3n de az\u00facar","robots":{"index":"index","follow":"follow","max-snippet":"max-snippet:-1","max-image-preview":"max-image-preview:large","max-video-preview":"max-video-preview:-1"},"canonical":"https:\/\/widermatrix.com\/es\/producto\/cutomizado\/","og_locale":"es_MX","og_type":"article","og_title":"Automatic Cotton Candy Vending Machine OEM - Wider Matrix - Automatic Cotton Candy Vending Machine","og_description":"\u00b7 Full automatic \u00b7 Remote config and control. \u00b7 High-profit margin \u00b7 Use regular sugar within 1.2mm~1.7mm \u00b7 Come with 3000 FDA-approved paper sticks \u00b7 Variety choice of patterns \u00b7 OEM service available \u00b7 Non-sticky touch \u00b7 Easy to clean and reload \u00b7 DDP to Door service for USA, Saudi Arabia, Dubai, Canada, and Europe","og_url":"https:\/\/widermatrix.com\/es\/producto\/cutomizado\/","og_site_name":"Wider Matrix - Automatic Cotton Candy Vending Machine","article_modified_time":"2025-02-24T08:13:21+00:00","og_image":[{"width":1024,"height":1024,"url":"https:\/\/widermatrix.com\/wp-content\/uploads\/2023\/06\/15-1024x1024.png","type":"image\/png"}],"twitter_card":"summary_large_image","twitter_misc":{"Tiempo de lectura":"2 minutos"},"schema":{"@context":"https:\/\/schema.org","@graph":[{"@type":"WebPage","@id":"https:\/\/widermatrix.com\/product\/cutomized\/","url":"https:\/\/widermatrix.com\/product\/cutomized\/","name":"M\u00e1quina expendedora autom\u00e1tica de algod\u00f3n de az\u00facar OEM - Wider Matrix - M\u00e1quina expendedora autom\u00e1tica de algod\u00f3n de az\u00facar","isPartOf":{"@id":"https:\/\/widermatrix.com\/#website"},"primaryImageOfPage":{"@id":"https:\/\/widermatrix.com\/product\/cutomized\/#primaryimage"},"image":{"@id":"https:\/\/widermatrix.com\/product\/cutomized\/#primaryimage"},"thumbnailUrl":"https:\/\/widermatrix.com\/wp-content\/uploads\/2023\/06\/15.png","datePublished":"2022-05-03T07:35:13+00:00","dateModified":"2025-02-24T08:13:21+00:00","breadcrumb":{"@id":"https:\/\/widermatrix.com\/product\/cutomized\/#breadcrumb"},"inLanguage":"es","potentialAction":[{"@type":"ReadAction","target":["https:\/\/widermatrix.com\/product\/cutomized\/"]}]},{"@type":"ImageObject","inLanguage":"es","@id":"https:\/\/widermatrix.com\/product\/cutomized\/#primaryimage","url":"https:\/\/widermatrix.com\/wp-content\/uploads\/2023\/06\/15.png","contentUrl":"https:\/\/widermatrix.com\/wp-content\/uploads\/2023\/06\/15.png","width":2400,"height":2400},{"@type":"BreadcrumbList","@id":"https:\/\/widermatrix.com\/product\/cutomized\/#breadcrumb","itemListElement":[{"@type":"ListItem","position":1,"name":"Home","item":"https:\/\/widermatrix.com\/"},{"@type":"ListItem","position":2,"name":"Product","item":"https:\/\/widermatrix.com\/product\/"},{"@type":"ListItem","position":3,"name":"Automatic Cotton Candy Vending Machine OEM"}]},{"@type":"WebSite","@id":"https:\/\/widermatrix.com\/#website","url":"https:\/\/widermatrix.com\/","name":"Wider Matrix - M\u00e1quina expendedora autom\u00e1tica de algod\u00f3n de az\u00facar","description":"Productos Blue Ocean en el sector de las m\u00e1quinas expendedoras\uff01.","publisher":{"@id":"https:\/\/widermatrix.com\/#organization"},"potentialAction":[{"@type":"SearchAction","target":{"@type":"EntryPoint","urlTemplate":"https:\/\/widermatrix.com\/?s={search_term_string}"},"query-input":{"@type":"PropertyValueSpecification","valueRequired":true,"valueName":"search_term_string"}}],"inLanguage":"es"},{"@type":"Organization","@id":"https:\/\/widermatrix.com\/#organization","name":"Wider Matrix - M\u00e1quina expendedora autom\u00e1tica de algod\u00f3n de az\u00facar","url":"https:\/\/widermatrix.com\/","logo":{"@type":"ImageObject","inLanguage":"es","@id":"https:\/\/widermatrix.com\/#\/schema\/logo\/image\/","url":"https:\/\/widermatrix.com\/wp-content\/uploads\/2022\/04\/cropped-website-logo.png","contentUrl":"https:\/\/widermatrix.com\/wp-content\/uploads\/2022\/04\/cropped-website-logo.png","width":250,"height":120,"caption":"Wider Matrix - Automatic Cotton Candy Vending Machine"},"image":{"@id":"https:\/\/widermatrix.com\/#\/schema\/logo\/image\/"}}]}},"_links":{"self":[{"href":"https:\/\/widermatrix.com\/es\/wp-json\/wp\/v2\/product\/521","targetHints":{"allow":["GET"]}}],"collection":[{"href":"https:\/\/widermatrix.com\/es\/wp-json\/wp\/v2\/product"}],"about":[{"href":"https:\/\/widermatrix.com\/es\/wp-json\/wp\/v2\/types\/product"}],"replies":[{"embeddable":true,"href":"https:\/\/widermatrix.com\/es\/wp-json\/wp\/v2\/comments?post=521"}],"wp:featuredmedia":[{"embeddable":true,"href":"https:\/\/widermatrix.com\/es\/wp-json\/wp\/v2\/media\/3495"}],"wp:attachment":[{"href":"https:\/\/widermatrix.com\/es\/wp-json\/wp\/v2\/media?parent=521"}],"wp:term":[{"taxonomy":"product_cat","embeddable":true,"href":"https:\/\/widermatrix.com\/es\/wp-json\/wp\/v2\/product_cat?post=521"},{"taxonomy":"product_tag","embeddable":true,"href":"https:\/\/widermatrix.com\/es\/wp-json\/wp\/v2\/product_tag?post=521"}],"curies":[{"name":"wp","href":"https:\/\/api.w.org\/{rel}","templated":true}]}}