{"id":3586,"date":"2025-03-07T10:46:39","date_gmt":"2025-03-07T02:46:39","guid":{"rendered":"https:\/\/widermatrix.com\/?post_type=product&#038;p=3586"},"modified":"2026-01-17T09:50:25","modified_gmt":"2026-01-17T01:50:25","slug":"rompecabezas-maquina-expendedora%ef%bc%88wm520%ef%bc%89","status":"publish","type":"product","link":"https:\/\/widermatrix.com\/es\/product\/jigsaw-puzzle-vending-machine%ef%bc%88wm520%ef%bc%89\/","title":{"rendered":"M\u00e1quina expendedora de puzzles\uff08WM520\uff09"},"content":{"rendered":"<p style=\"text-align: center;\"><strong>\u00a1Utiliza fragmentos para crear una creatividad sin l\u00edmites! <\/strong><\/p>\n<p style=\"text-align: center;\">Nuestro smart <strong>m\u00e1quina expendedora de puzzles<\/strong> te permite personalizar tu propio arte en 1 minuto: sube fotos, selecciona plantillas, escanea el c\u00f3digo para recoger las piezas y crea c\u00e1lidos recuerdos en cualquier momento y lugar. Centros comerciales, lugares pintorescos, campus, deja que cada rinc\u00f3n se convierta en una fuente de creatividad.<\/p>\n<div class=\"ast-oembed-container\" style=\"height: 100%;\"><iframe loading=\"lazy\" title=\"Impresi\u00f3n de puzzles vending : Personalice su propio arte en 1 minuto #jigsaw #puzzle #printing\" width=\"500\" height=\"281\" src=\"https:\/\/www.youtube.com\/embed\/G-J03Zdl4Cc?feature=oembed\" frameborder=\"0\" allow=\"accelerometer; autoplay; clipboard-write; encrypted-media; gyroscope; picture-in-picture; web-share\" referrerpolicy=\"strict-origin-when-cross-origin\" allowfullscreen><\/iframe><\/div>","protected":false},"excerpt":{"rendered":"<p><img loading=\"lazy\" decoding=\"async\" class=\"alignnone size-full wp-image-3621\" src=\"https:\/\/widermatrix.com\/wp-content\/uploads\/2025\/03\/VendingMachine25.webp\" alt=\"\" width=\"800\" height=\"699\" srcset=\"https:\/\/widermatrix.com\/wp-content\/uploads\/2025\/03\/VendingMachine25.webp 800w, https:\/\/widermatrix.com\/wp-content\/uploads\/2025\/03\/VendingMachine25-300x262.webp 300w, https:\/\/widermatrix.com\/wp-content\/uploads\/2025\/03\/VendingMachine25-768x671.webp 768w, https:\/\/widermatrix.com\/wp-content\/uploads\/2025\/03\/VendingMachine25-600x524.webp 600w\" sizes=\"auto, (max-width: 800px) 100vw, 800px\" \/><\/p>\n<p><img loading=\"lazy\" decoding=\"async\" class=\"alignnone size-full wp-image-3619\" src=\"https:\/\/widermatrix.com\/wp-content\/uploads\/2025\/03\/VendingMachine23.webp\" alt=\"\" width=\"800\" height=\"520\" srcset=\"https:\/\/widermatrix.com\/wp-content\/uploads\/2025\/03\/VendingMachine23.webp 800w, https:\/\/widermatrix.com\/wp-content\/uploads\/2025\/03\/VendingMachine23-300x195.webp 300w, https:\/\/widermatrix.com\/wp-content\/uploads\/2025\/03\/VendingMachine23-768x499.webp 768w, https:\/\/widermatrix.com\/wp-content\/uploads\/2025\/03\/VendingMachine23-600x390.webp 600w\" sizes=\"auto, (max-width: 800px) 100vw, 800px\" \/><\/p>\n<p><img loading=\"lazy\" decoding=\"async\" class=\"alignnone size-full wp-image-3617\" src=\"https:\/\/widermatrix.com\/wp-content\/uploads\/2025\/03\/VendingMachine26.webp\" alt=\"\" width=\"800\" height=\"553\" srcset=\"https:\/\/widermatrix.com\/wp-content\/uploads\/2025\/03\/VendingMachine26.webp 800w, https:\/\/widermatrix.com\/wp-content\/uploads\/2025\/03\/VendingMachine26-300x207.webp 300w, https:\/\/widermatrix.com\/wp-content\/uploads\/2025\/03\/VendingMachine26-768x531.webp 768w, https:\/\/widermatrix.com\/wp-content\/uploads\/2025\/03\/VendingMachine26-600x415.webp 600w\" sizes=\"auto, (max-width: 800px) 100vw, 800px\" \/><\/p>\n<p><img loading=\"lazy\" decoding=\"async\" class=\"alignnone size-full wp-image-3620\" src=\"https:\/\/widermatrix.com\/wp-content\/uploads\/2025\/03\/VendingMachine24.webp\" alt=\"\" width=\"800\" height=\"1049\" srcset=\"https:\/\/widermatrix.com\/wp-content\/uploads\/2025\/03\/VendingMachine24.webp 800w, https:\/\/widermatrix.com\/wp-content\/uploads\/2025\/03\/VendingMachine24-229x300.webp 229w, https:\/\/widermatrix.com\/wp-content\/uploads\/2025\/03\/VendingMachine24-781x1024.webp 781w, https:\/\/widermatrix.com\/wp-content\/uploads\/2025\/03\/VendingMachine24-768x1007.webp 768w, https:\/\/widermatrix.com\/wp-content\/uploads\/2025\/03\/VendingMachine24-600x787.webp 600w\" sizes=\"auto, (max-width: 800px) 100vw, 800px\" \/><\/p>\n<p><img loading=\"lazy\" decoding=\"async\" class=\"alignnone size-full wp-image-3623\" src=\"https:\/\/widermatrix.com\/wp-content\/uploads\/2025\/03\/VendingMachine21.webp\" alt=\"\" width=\"800\" height=\"481\" srcset=\"https:\/\/widermatrix.com\/wp-content\/uploads\/2025\/03\/VendingMachine21.webp 800w, https:\/\/widermatrix.com\/wp-content\/uploads\/2025\/03\/VendingMachine21-300x180.webp 300w, https:\/\/widermatrix.com\/wp-content\/uploads\/2025\/03\/VendingMachine21-768x462.webp 768w, https:\/\/widermatrix.com\/wp-content\/uploads\/2025\/03\/VendingMachine21-600x361.webp 600w\" sizes=\"auto, (max-width: 800px) 100vw, 800px\" \/><\/p>\n<p><img loading=\"lazy\" decoding=\"async\" class=\"alignnone size-full wp-image-3618\" src=\"https:\/\/widermatrix.com\/wp-content\/uploads\/2025\/03\/VendingMachine27.webp\" alt=\"\" width=\"800\" height=\"515\" srcset=\"https:\/\/widermatrix.com\/wp-content\/uploads\/2025\/03\/VendingMachine27.webp 800w, https:\/\/widermatrix.com\/wp-content\/uploads\/2025\/03\/VendingMachine27-300x193.webp 300w, https:\/\/widermatrix.com\/wp-content\/uploads\/2025\/03\/VendingMachine27-768x494.webp 768w, https:\/\/widermatrix.com\/wp-content\/uploads\/2025\/03\/VendingMachine27-600x386.webp 600w\" sizes=\"auto, (max-width: 800px) 100vw, 800px\" \/><\/p>\n<p><img loading=\"lazy\" decoding=\"async\" class=\"alignnone size-full wp-image-3622\" src=\"https:\/\/widermatrix.com\/wp-content\/uploads\/2025\/03\/VendingMachine20.webp\" alt=\"\" width=\"800\" height=\"464\" srcset=\"https:\/\/widermatrix.com\/wp-content\/uploads\/2025\/03\/VendingMachine20.webp 800w, https:\/\/widermatrix.com\/wp-content\/uploads\/2025\/03\/VendingMachine20-300x174.webp 300w, https:\/\/widermatrix.com\/wp-content\/uploads\/2025\/03\/VendingMachine20-768x445.webp 768w, https:\/\/widermatrix.com\/wp-content\/uploads\/2025\/03\/VendingMachine20-600x348.webp 600w\" sizes=\"auto, (max-width: 800px) 100vw, 800px\" \/><\/p>\n<p><img loading=\"lazy\" decoding=\"async\" class=\"alignnone size-full wp-image-3624\" src=\"https:\/\/widermatrix.com\/wp-content\/uploads\/2025\/03\/VendingMachine22.webp\" alt=\"\" width=\"800\" height=\"419\" srcset=\"https:\/\/widermatrix.com\/wp-content\/uploads\/2025\/03\/VendingMachine22.webp 800w, https:\/\/widermatrix.com\/wp-content\/uploads\/2025\/03\/VendingMachine22-300x157.webp 300w, https:\/\/widermatrix.com\/wp-content\/uploads\/2025\/03\/VendingMachine22-768x402.webp 768w, https:\/\/widermatrix.com\/wp-content\/uploads\/2025\/03\/VendingMachine22-600x314.webp 600w\" sizes=\"auto, (max-width: 800px) 100vw, 800px\" \/><\/p>","protected":false},"featured_media":3639,"comment_status":"open","ping_status":"closed","template":"","meta":{"_acf_changed":false,"site-sidebar-layout":"default","site-content-layout":"default","ast-site-content-layout":"default","site-content-style":"default","site-sidebar-style":"default","ast-global-header-display":"","ast-banner-title-visibility":"","ast-main-header-display":"","ast-hfb-above-header-display":"","ast-hfb-below-header-display":"","ast-hfb-mobile-header-display":"","site-post-title":"","ast-breadcrumbs-content":"","ast-featured-img":"","footer-sml-layout":"","ast-disable-related-posts":"","theme-transparent-header-meta":"default","adv-header-id-meta":"","stick-header-meta":"","header-above-stick-meta":"","header-main-stick-meta":"","header-below-stick-meta":"","astra-migrate-meta-layouts":"default","ast-page-background-enabled":"default","ast-page-background-meta":{"desktop":{"background-color":"var(--ast-global-color-4)","background-image":"","background-repeat":"repeat","background-position":"center center","background-size":"auto","background-attachment":"scroll","background-type":"","background-media":"","overlay-type":"","overlay-color":"","overlay-opacity":"","overlay-gradient":""},"tablet":{"background-color":"","background-image":"","background-repeat":"repeat","background-position":"center center","background-size":"auto","background-attachment":"scroll","background-type":"","background-media":"","overlay-type":"","overlay-color":"","overlay-opacity":"","overlay-gradient":""},"mobile":{"background-color":"","background-image":"","background-repeat":"repeat","background-position":"center center","background-size":"auto","background-attachment":"scroll","background-type":"","background-media":"","overlay-type":"","overlay-color":"","overlay-opacity":"","overlay-gradient":""}},"ast-content-background-meta":{"desktop":{"background-color":"var(--ast-global-color-5)","background-image":"","background-repeat":"repeat","background-position":"center center","background-size":"auto","background-attachment":"scroll","background-type":"","background-media":"","overlay-type":"","overlay-color":"","overlay-opacity":"","overlay-gradient":""},"tablet":{"background-color":"var(--ast-global-color-5)","background-image":"","background-repeat":"repeat","background-position":"center center","background-size":"auto","background-attachment":"scroll","background-type":"","background-media":"","overlay-type":"","overlay-color":"","overlay-opacity":"","overlay-gradient":""},"mobile":{"background-color":"var(--ast-global-color-5)","background-image":"","background-repeat":"repeat","background-position":"center center","background-size":"auto","background-attachment":"scroll","background-type":"","background-media":"","overlay-type":"","overlay-color":"","overlay-opacity":"","overlay-gradient":""}}},"product_cat":[96,25,15],"product_tag":[65,104,105,103,102],"class_list":{"0":"post-3586","1":"product","2":"type-product","3":"status-publish","4":"has-post-thumbnail","6":"product_cat-vending-machine","7":"product_cat-single-cabinet","8":"product_cat-uncategorized","9":"product_tag-automatic-vending","10":"product_tag-jigsaw-puzzle","11":"product_tag-jigsaw-puzzle-printing","12":"product_tag-jigsaw-puzzle-vending-machine","13":"product_tag-vending-machine","14":"desktop-align-left","15":"tablet-align-left","16":"mobile-align-left","18":"first","19":"instock","20":"shipping-taxable","21":"product-type-simple"},"acf":[],"yoast_head":"<!-- This site is optimized with the Yoast SEO plugin v27.3 - https:\/\/yoast.com\/product\/yoast-seo-wordpress\/ -->\n<title>Jigsaw Puzzle Vending Machine | Wider Matrix | Vending Machine<\/title>\n<meta name=\"description\" content=\"Jigsaw puzzle vending machines make every photo a unique work of art. Solid wood\/log photo frames highlight quality and taste. Low investment, high return, help you easily realize your dream of wealth!\" \/>\n<meta name=\"robots\" content=\"index, follow, max-snippet:-1, max-image-preview:large, max-video-preview:-1\" \/>\n<link rel=\"canonical\" href=\"https:\/\/widermatrix.com\/es\/producto\/rompecabezas-maquina-expendedora\uff08wm520\uff09\/\" \/>\n<meta property=\"og:locale\" content=\"es_MX\" \/>\n<meta property=\"og:type\" content=\"article\" \/>\n<meta property=\"og:title\" content=\"Jigsaw Puzzle Vending Machine | Wider Matrix | Vending Machine\" \/>\n<meta property=\"og:description\" content=\"Jigsaw puzzle vending machines make every photo a unique work of art. Solid wood\/log photo frames highlight quality and taste. Low investment, high return, help you easily realize your dream of wealth!\" \/>\n<meta property=\"og:url\" content=\"https:\/\/widermatrix.com\/es\/producto\/rompecabezas-maquina-expendedora\uff08wm520\uff09\/\" \/>\n<meta property=\"og:site_name\" content=\"Wider Matrix - Automatic Cotton Candy Vending Machine\" \/>\n<meta property=\"article:modified_time\" content=\"2026-01-17T01:50:25+00:00\" \/>\n<meta property=\"og:image\" content=\"https:\/\/widermatrix.com\/wp-content\/uploads\/2025\/03\/vendingmachine-10-1.png\" \/>\n\t<meta property=\"og:image:width\" content=\"2400\" \/>\n\t<meta property=\"og:image:height\" content=\"2400\" \/>\n\t<meta property=\"og:image:type\" content=\"image\/png\" \/>\n<meta name=\"twitter:card\" content=\"summary_large_image\" \/>\n<meta name=\"twitter:label1\" content=\"Tiempo de lectura\" \/>\n\t<meta name=\"twitter:data1\" content=\"1 minuto\" \/>\n<script type=\"application\/ld+json\" class=\"yoast-schema-graph\">{\"@context\":\"https:\\\/\\\/schema.org\",\"@graph\":[{\"@type\":\"WebPage\",\"@id\":\"https:\\\/\\\/widermatrix.com\\\/product\\\/jigsaw-puzzle-vending-machine%ef%bc%88wm520%ef%bc%89\\\/\",\"url\":\"https:\\\/\\\/widermatrix.com\\\/product\\\/jigsaw-puzzle-vending-machine%ef%bc%88wm520%ef%bc%89\\\/\",\"name\":\"Jigsaw Puzzle Vending Machine | Wider Matrix | Vending Machine\",\"isPartOf\":{\"@id\":\"https:\\\/\\\/widermatrix.com\\\/#website\"},\"primaryImageOfPage\":{\"@id\":\"https:\\\/\\\/widermatrix.com\\\/product\\\/jigsaw-puzzle-vending-machine%ef%bc%88wm520%ef%bc%89\\\/#primaryimage\"},\"image\":{\"@id\":\"https:\\\/\\\/widermatrix.com\\\/product\\\/jigsaw-puzzle-vending-machine%ef%bc%88wm520%ef%bc%89\\\/#primaryimage\"},\"thumbnailUrl\":\"https:\\\/\\\/widermatrix.com\\\/wp-content\\\/uploads\\\/2025\\\/03\\\/vendingmachine-10-1.png\",\"datePublished\":\"2025-03-07T02:46:39+00:00\",\"dateModified\":\"2026-01-17T01:50:25+00:00\",\"description\":\"Jigsaw puzzle vending machines make every photo a unique work of art. Solid wood\\\/log photo frames highlight quality and taste. Low investment, high return, help you easily realize your dream of wealth!\",\"breadcrumb\":{\"@id\":\"https:\\\/\\\/widermatrix.com\\\/product\\\/jigsaw-puzzle-vending-machine%ef%bc%88wm520%ef%bc%89\\\/#breadcrumb\"},\"inLanguage\":\"es\",\"potentialAction\":[{\"@type\":\"ReadAction\",\"target\":[\"https:\\\/\\\/widermatrix.com\\\/product\\\/jigsaw-puzzle-vending-machine%ef%bc%88wm520%ef%bc%89\\\/\"]}]},{\"@type\":\"ImageObject\",\"inLanguage\":\"es\",\"@id\":\"https:\\\/\\\/widermatrix.com\\\/product\\\/jigsaw-puzzle-vending-machine%ef%bc%88wm520%ef%bc%89\\\/#primaryimage\",\"url\":\"https:\\\/\\\/widermatrix.com\\\/wp-content\\\/uploads\\\/2025\\\/03\\\/vendingmachine-10-1.png\",\"contentUrl\":\"https:\\\/\\\/widermatrix.com\\\/wp-content\\\/uploads\\\/2025\\\/03\\\/vendingmachine-10-1.png\",\"width\":2400,\"height\":2400},{\"@type\":\"BreadcrumbList\",\"@id\":\"https:\\\/\\\/widermatrix.com\\\/product\\\/jigsaw-puzzle-vending-machine%ef%bc%88wm520%ef%bc%89\\\/#breadcrumb\",\"itemListElement\":[{\"@type\":\"ListItem\",\"position\":1,\"name\":\"Home\",\"item\":\"https:\\\/\\\/widermatrix.com\\\/\"},{\"@type\":\"ListItem\",\"position\":2,\"name\":\"Product\",\"item\":\"https:\\\/\\\/widermatrix.com\\\/product\\\/\"},{\"@type\":\"ListItem\",\"position\":3,\"name\":\"Jigsaw Puzzle Vending Machine\uff08WM520\uff09\"}]},{\"@type\":\"WebSite\",\"@id\":\"https:\\\/\\\/widermatrix.com\\\/#website\",\"url\":\"https:\\\/\\\/widermatrix.com\\\/\",\"name\":\"Wider Matrix - Automatic Cotton Candy Vending Machine\",\"description\":\"Blue Ocean products in the vending machine industry\uff01\",\"publisher\":{\"@id\":\"https:\\\/\\\/widermatrix.com\\\/#organization\"},\"potentialAction\":[{\"@type\":\"SearchAction\",\"target\":{\"@type\":\"EntryPoint\",\"urlTemplate\":\"https:\\\/\\\/widermatrix.com\\\/?s={search_term_string}\"},\"query-input\":{\"@type\":\"PropertyValueSpecification\",\"valueRequired\":true,\"valueName\":\"search_term_string\"}}],\"inLanguage\":\"es\"},{\"@type\":\"Organization\",\"@id\":\"https:\\\/\\\/widermatrix.com\\\/#organization\",\"name\":\"Wider Matrix - Automatic Cotton Candy Vending Machine\",\"url\":\"https:\\\/\\\/widermatrix.com\\\/\",\"logo\":{\"@type\":\"ImageObject\",\"inLanguage\":\"es\",\"@id\":\"https:\\\/\\\/widermatrix.com\\\/#\\\/schema\\\/logo\\\/image\\\/\",\"url\":\"https:\\\/\\\/widermatrix.com\\\/wp-content\\\/uploads\\\/2022\\\/04\\\/cropped-website-logo.png\",\"contentUrl\":\"https:\\\/\\\/widermatrix.com\\\/wp-content\\\/uploads\\\/2022\\\/04\\\/cropped-website-logo.png\",\"width\":250,\"height\":120,\"caption\":\"Wider Matrix - Automatic Cotton Candy Vending Machine\"},\"image\":{\"@id\":\"https:\\\/\\\/widermatrix.com\\\/#\\\/schema\\\/logo\\\/image\\\/\"}}]}<\/script>\n<!-- \/ Yoast SEO plugin. -->","yoast_head_json":{"title":"M\u00e1quina expendedora de puzzles | Wider Matrix | M\u00e1quina expendedora","description":"Las m\u00e1quinas expendedoras de rompecabezas convierten cada foto en una obra de arte \u00fanica. Los marcos de fotos de madera maciza o de tronco resaltan la calidad y el gusto. Baja inversi\u00f3n, alta rentabilidad, \u00a1le ayudar\u00e1n a realizar f\u00e1cilmente su sue\u00f1o de riqueza!","robots":{"index":"index","follow":"follow","max-snippet":"max-snippet:-1","max-image-preview":"max-image-preview:large","max-video-preview":"max-video-preview:-1"},"canonical":"https:\/\/widermatrix.com\/es\/producto\/rompecabezas-maquina-expendedora\uff08wm520\uff09\/","og_locale":"es_MX","og_type":"article","og_title":"Jigsaw Puzzle Vending Machine | Wider Matrix | Vending Machine","og_description":"Jigsaw puzzle vending machines make every photo a unique work of art. Solid wood\/log photo frames highlight quality and taste. Low investment, high return, help you easily realize your dream of wealth!","og_url":"https:\/\/widermatrix.com\/es\/producto\/rompecabezas-maquina-expendedora\uff08wm520\uff09\/","og_site_name":"Wider Matrix - Automatic Cotton Candy Vending Machine","article_modified_time":"2026-01-17T01:50:25+00:00","og_image":[{"width":2400,"height":2400,"url":"https:\/\/widermatrix.com\/wp-content\/uploads\/2025\/03\/vendingmachine-10-1.png","type":"image\/png"}],"twitter_card":"summary_large_image","twitter_misc":{"Tiempo de lectura":"1 minuto"},"schema":{"@context":"https:\/\/schema.org","@graph":[{"@type":"WebPage","@id":"https:\/\/widermatrix.com\/product\/jigsaw-puzzle-vending-machine%ef%bc%88wm520%ef%bc%89\/","url":"https:\/\/widermatrix.com\/product\/jigsaw-puzzle-vending-machine%ef%bc%88wm520%ef%bc%89\/","name":"M\u00e1quina expendedora de puzzles | Wider Matrix | M\u00e1quina expendedora","isPartOf":{"@id":"https:\/\/widermatrix.com\/#website"},"primaryImageOfPage":{"@id":"https:\/\/widermatrix.com\/product\/jigsaw-puzzle-vending-machine%ef%bc%88wm520%ef%bc%89\/#primaryimage"},"image":{"@id":"https:\/\/widermatrix.com\/product\/jigsaw-puzzle-vending-machine%ef%bc%88wm520%ef%bc%89\/#primaryimage"},"thumbnailUrl":"https:\/\/widermatrix.com\/wp-content\/uploads\/2025\/03\/vendingmachine-10-1.png","datePublished":"2025-03-07T02:46:39+00:00","dateModified":"2026-01-17T01:50:25+00:00","description":"Las m\u00e1quinas expendedoras de rompecabezas convierten cada foto en una obra de arte \u00fanica. Los marcos de fotos de madera maciza o de tronco resaltan la calidad y el gusto. Baja inversi\u00f3n, alta rentabilidad, \u00a1le ayudar\u00e1n a realizar f\u00e1cilmente su sue\u00f1o de riqueza!","breadcrumb":{"@id":"https:\/\/widermatrix.com\/product\/jigsaw-puzzle-vending-machine%ef%bc%88wm520%ef%bc%89\/#breadcrumb"},"inLanguage":"es","potentialAction":[{"@type":"ReadAction","target":["https:\/\/widermatrix.com\/product\/jigsaw-puzzle-vending-machine%ef%bc%88wm520%ef%bc%89\/"]}]},{"@type":"ImageObject","inLanguage":"es","@id":"https:\/\/widermatrix.com\/product\/jigsaw-puzzle-vending-machine%ef%bc%88wm520%ef%bc%89\/#primaryimage","url":"https:\/\/widermatrix.com\/wp-content\/uploads\/2025\/03\/vendingmachine-10-1.png","contentUrl":"https:\/\/widermatrix.com\/wp-content\/uploads\/2025\/03\/vendingmachine-10-1.png","width":2400,"height":2400},{"@type":"BreadcrumbList","@id":"https:\/\/widermatrix.com\/product\/jigsaw-puzzle-vending-machine%ef%bc%88wm520%ef%bc%89\/#breadcrumb","itemListElement":[{"@type":"ListItem","position":1,"name":"Home","item":"https:\/\/widermatrix.com\/"},{"@type":"ListItem","position":2,"name":"Product","item":"https:\/\/widermatrix.com\/product\/"},{"@type":"ListItem","position":3,"name":"Jigsaw Puzzle Vending Machine\uff08WM520\uff09"}]},{"@type":"WebSite","@id":"https:\/\/widermatrix.com\/#website","url":"https:\/\/widermatrix.com\/","name":"Wider Matrix - M\u00e1quina expendedora autom\u00e1tica de algod\u00f3n de az\u00facar","description":"Productos Blue Ocean en el sector de las m\u00e1quinas expendedoras\uff01.","publisher":{"@id":"https:\/\/widermatrix.com\/#organization"},"potentialAction":[{"@type":"SearchAction","target":{"@type":"EntryPoint","urlTemplate":"https:\/\/widermatrix.com\/?s={search_term_string}"},"query-input":{"@type":"PropertyValueSpecification","valueRequired":true,"valueName":"search_term_string"}}],"inLanguage":"es"},{"@type":"Organization","@id":"https:\/\/widermatrix.com\/#organization","name":"Wider Matrix - M\u00e1quina expendedora autom\u00e1tica de algod\u00f3n de az\u00facar","url":"https:\/\/widermatrix.com\/","logo":{"@type":"ImageObject","inLanguage":"es","@id":"https:\/\/widermatrix.com\/#\/schema\/logo\/image\/","url":"https:\/\/widermatrix.com\/wp-content\/uploads\/2022\/04\/cropped-website-logo.png","contentUrl":"https:\/\/widermatrix.com\/wp-content\/uploads\/2022\/04\/cropped-website-logo.png","width":250,"height":120,"caption":"Wider Matrix - Automatic Cotton Candy Vending Machine"},"image":{"@id":"https:\/\/widermatrix.com\/#\/schema\/logo\/image\/"}}]}},"_links":{"self":[{"href":"https:\/\/widermatrix.com\/es\/wp-json\/wp\/v2\/product\/3586","targetHints":{"allow":["GET"]}}],"collection":[{"href":"https:\/\/widermatrix.com\/es\/wp-json\/wp\/v2\/product"}],"about":[{"href":"https:\/\/widermatrix.com\/es\/wp-json\/wp\/v2\/types\/product"}],"replies":[{"embeddable":true,"href":"https:\/\/widermatrix.com\/es\/wp-json\/wp\/v2\/comments?post=3586"}],"wp:featuredmedia":[{"embeddable":true,"href":"https:\/\/widermatrix.com\/es\/wp-json\/wp\/v2\/media\/3639"}],"wp:attachment":[{"href":"https:\/\/widermatrix.com\/es\/wp-json\/wp\/v2\/media?parent=3586"}],"wp:term":[{"taxonomy":"product_cat","embeddable":true,"href":"https:\/\/widermatrix.com\/es\/wp-json\/wp\/v2\/product_cat?post=3586"},{"taxonomy":"product_tag","embeddable":true,"href":"https:\/\/widermatrix.com\/es\/wp-json\/wp\/v2\/product_tag?post=3586"}],"curies":[{"name":"wp","href":"https:\/\/api.w.org\/{rel}","templated":true}]}}