{"id":2666,"date":"2023-06-15T10:13:20","date_gmt":"2023-06-15T02:13:20","guid":{"rendered":"https:\/\/widermatrix.com\/?post_type=product&#038;p=2666"},"modified":"2025-10-09T09:35:49","modified_gmt":"2025-10-09T01:35:49","slug":"maquina-expendedora-automatica-de-helados","status":"publish","type":"product","link":"https:\/\/widermatrix.com\/es\/product\/automatic-ice-cream-vending-machine\/","title":{"rendered":"M\u00e1quina expendedora autom\u00e1tica de helados"},"content":{"rendered":"<div class=\"ast-oembed-container\" style=\"height: 100%;\"><iframe loading=\"lazy\" title=\"M\u00e1quinas expendedoras de helados.El sabor es delicado e infinitamente delicioso.#icecream #vendingmachine\" width=\"500\" height=\"281\" src=\"https:\/\/www.youtube.com\/embed\/lf5Uu1ZzfUE?feature=oembed\" frameborder=\"0\" allow=\"accelerometer; autoplay; clipboard-write; encrypted-media; gyroscope; picture-in-picture; web-share\" referrerpolicy=\"strict-origin-when-cross-origin\" allowfullscreen><\/iframe><\/div>\n<p><img loading=\"lazy\" decoding=\"async\" class=\"alignnone size-full wp-image-2667\" src=\"https:\/\/widermatrix.com\/wp-content\/uploads\/2023\/06\/\u51b0\u6dc7\u6dcb\u673a-\u4e09\u89c6\u56fe.jpg\" alt=\"\" width=\"1774\" height=\"901\" srcset=\"https:\/\/widermatrix.com\/wp-content\/uploads\/2023\/06\/\u51b0\u6dc7\u6dcb\u673a-\u4e09\u89c6\u56fe.jpg 1774w, https:\/\/widermatrix.com\/wp-content\/uploads\/2023\/06\/\u51b0\u6dc7\u6dcb\u673a-\u4e09\u89c6\u56fe-300x152.jpg 300w, https:\/\/widermatrix.com\/wp-content\/uploads\/2023\/06\/\u51b0\u6dc7\u6dcb\u673a-\u4e09\u89c6\u56fe-1024x520.jpg 1024w, https:\/\/widermatrix.com\/wp-content\/uploads\/2023\/06\/\u51b0\u6dc7\u6dcb\u673a-\u4e09\u89c6\u56fe-768x390.jpg 768w, https:\/\/widermatrix.com\/wp-content\/uploads\/2023\/06\/\u51b0\u6dc7\u6dcb\u673a-\u4e09\u89c6\u56fe-1536x780.jpg 1536w, https:\/\/widermatrix.com\/wp-content\/uploads\/2023\/06\/\u51b0\u6dc7\u6dcb\u673a-\u4e09\u89c6\u56fe-600x305.jpg 600w\" sizes=\"auto, (max-width: 1774px) 100vw, 1774px\" \/><\/p>\n<p>&nbsp;<\/p>","protected":false},"excerpt":{"rendered":"<table style=\"width: 858px; height: 1046px;\" border=\"0\" width=\"856\" cellspacing=\"0\" cellpadding=\"0\">\n<tbody>\n<tr style=\"height: 25pt;\">\n<td class=\"kso0\" style=\"width: 321pt;\" width=\"428\"><strong>Modelo de m\u00e1quina<\/strong><\/td>\n<td class=\"kso1\" style=\"width: 321pt;\" width=\"428\"><strong>WM550<\/strong><\/td>\n<\/tr>\n<tr style=\"height: 25pt;\">\n<td class=\"kso2\" style=\"width: 321pt;\" width=\"428\"><span style=\"font-size: 12pt; color: #000000;\">Sabor<\/span><\/td>\n<td class=\"kso3\" style=\"width: 321pt;\" width=\"428\"><span style=\"font-size: 12pt; color: #000000;\">sabor b\u00e1sico+DIY Topping<\/span><\/td>\n<\/tr>\n<tr style=\"height: 34pt;\">\n<td class=\"kso4\" style=\"width: 321pt;\" width=\"428\"><span style=\"font-size: 12pt; color: #000000;\">tensi\u00f3n\/frecuencia\/potencia nominal<\/span><\/td>\n<td class=\"kso5\" style=\"width: 321pt;\" width=\"428\"><span style=\"font-size: 12pt; color: #000000;\">220V\/50HZ\/2000W<\/span><\/td>\n<\/tr>\n<tr style=\"height: 22pt;\">\n<td class=\"kso6\" style=\"width: 321pt;\" width=\"428\"><span style=\"font-size: 12pt; color: #000000;\">limpieza del cilindro de evaporaci\u00f3n<\/span><\/td>\n<td class=\"kso7\" style=\"width: 321pt;\" width=\"428\"><span style=\"font-size: 12pt; color: #000000;\">Funci\u00f3n de limpieza autom\u00e1tica<\/span><\/td>\n<\/tr>\n<tr style=\"height: 36pt;\">\n<td class=\"kso8\" style=\"width: 321pt;\" width=\"428\"><span style=\"font-size: 12pt; color: #000000;\">tama\u00f1o de la m\u00e1quina<\/span><\/td>\n<td class=\"kso9\" style=\"width: 321pt;\" width=\"428\"><span style=\"font-size: 12pt; color: #000000;\">126*100*226cm<\/span><\/td>\n<\/tr>\n<tr style=\"height: 32pt;\">\n<td class=\"kso10\" style=\"width: 321pt;\" width=\"428\"><span style=\"font-size: 12pt; color: #000000;\">Velocidad de ahuecamiento<\/span><\/td>\n<td class=\"kso11\" style=\"width: 321pt;\" width=\"428\"><span style=\"font-size: 12pt; color: #000000;\">m\u00e1s r\u00e1pido: 15s<\/span><\/td>\n<\/tr>\n<tr style=\"height: 37pt;\">\n<td class=\"kso12\" style=\"width: 321pt;\" width=\"428\"><span style=\"font-size: 12pt; color: #000000;\">Tipo de motor<\/span><\/td>\n<td class=\"kso13\" style=\"width: 321pt;\" width=\"428\"><span style=\"font-size: 12pt; color: #000000;\">Motor de frecuencia variable<\/span><\/td>\n<\/tr>\n<tr style=\"height: 22pt;\">\n<td class=\"kso14\" style=\"width: 321pt;\" width=\"428\"><span style=\"font-size: 12pt; color: #000000;\">Peso neto<\/span><\/td>\n<td class=\"kso15\" style=\"width: 321pt;\" width=\"428\"><span style=\"font-size: 12pt; color: #000000;\">380KG<\/span><\/td>\n<\/tr>\n<tr style=\"height: 22pt;\">\n<td class=\"kso16\" style=\"width: 321pt;\" width=\"428\"><span style=\"font-size: 12pt; color: #000000;\">aplicable<\/span><span style=\"font-size: 12pt; color: #000000;\">\u00a0<\/span><span style=\"font-size: 12pt; color: #000000;\">temperatura<\/span><\/td>\n<td class=\"kso17\" style=\"width: 321pt;\" width=\"428\"><span style=\"font-size: 12pt; color: #000000;\">la temperatura interior es de 0\u00b0\/50<\/span><\/td>\n<\/tr>\n<tr style=\"height: 22pt;\">\n<td class=\"kso18\" style=\"width: 321pt;\" width=\"428\"><span style=\"font-size: 12pt; color: #000000;\">Tama\u00f1o de la pantalla<\/span><\/td>\n<td class=\"kso19\" style=\"width: 321pt;\" width=\"428\"><span style=\"font-size: 12pt; color: #000000;\">27 \"retrato t\u00e1ctil + pantalla publicitaria<\/span><\/td>\n<\/tr>\n<tr style=\"height: 38pt;\">\n<td class=\"kso20\" style=\"width: 321pt;\" width=\"428\"><span style=\"font-size: 12pt; color: #000000;\">material<\/span><\/td>\n<td class=\"kso21\" style=\"width: 321pt;\" width=\"428\"><span style=\"font-size: 12pt; color: #000000;\">Acero inoxidable 304, PP de calidad alimentaria, manguera de silicona de calidad alimentaria<\/span><\/td>\n<\/tr>\n<tr style=\"height: 24pt;\">\n<td class=\"kso22\" style=\"width: 321pt;\" width=\"428\"><span style=\"font-size: 12pt; color: #000000;\">Estructura principal<\/span><\/td>\n<td class=\"kso23\" style=\"width: 321pt;\" width=\"428\"><span style=\"font-size: 12pt; color: #000000;\">Personalizaci\u00f3n y procesamiento internacional de chapas met\u00e1licas<\/span><\/td>\n<\/tr>\n<tr style=\"height: 35pt;\">\n<td class=\"kso24\" style=\"width: 321pt;\" width=\"428\"><span style=\"font-size: 12pt; color: #000000;\">compresor<\/span><\/td>\n<td class=\"kso25\" style=\"width: 321pt;\" width=\"428\"><span style=\"font-size: 12pt; color: #000000;\">Compresor italiano Enbraco<\/span><\/td>\n<\/tr>\n<tr style=\"height: 22pt;\">\n<td class=\"kso26\" style=\"width: 321pt;\" width=\"428\"><span style=\"font-size: 12pt; color: #000000;\">Tipo de reductor<\/span><\/td>\n<td class=\"kso27\" style=\"width: 321pt;\" width=\"428\"><span style=\"font-size: 12pt; color: #000000;\">tornillo sin fin y engranaje\u00a0<\/span><\/td>\n<\/tr>\n<tr style=\"height: 38pt;\">\n<td class=\"kso28\" style=\"width: 321pt;\" width=\"428\"><span style=\"font-size: 12pt; color: #000000;\">Bomba dosificadora<\/span><\/td>\n<td class=\"kso29\" style=\"width: 321pt;\" width=\"428\"><span style=\"font-size: 12pt; color: #000000;\">Alto \u00edndice de hinchamiento, adecuado para el autodesarrollo de m\u00e1quinas autom\u00e1ticas de helados<\/span><\/td>\n<\/tr>\n<tr style=\"height: 25pt;\">\n<td class=\"kso30\" style=\"width: 321pt;\" width=\"428\"><span style=\"font-size: 12pt; color: #000000;\">Sistema de preenfriamiento del cilindro de almacenamiento<\/span><\/td>\n<td class=\"kso31\" style=\"width: 321pt;\" width=\"428\"><span style=\"font-size: 12pt; color: #000000;\">Funci\u00f3n de preservaci\u00f3n del preenfriamiento<\/span><\/td>\n<\/tr>\n<\/tbody>\n<\/table>\n<p>&nbsp;<\/p>","protected":false},"featured_media":3491,"comment_status":"open","ping_status":"closed","template":"","meta":{"_acf_changed":false,"site-sidebar-layout":"default","site-content-layout":"default","ast-site-content-layout":"default","site-content-style":"default","site-sidebar-style":"default","ast-global-header-display":"","ast-banner-title-visibility":"","ast-main-header-display":"","ast-hfb-above-header-display":"","ast-hfb-below-header-display":"","ast-hfb-mobile-header-display":"","site-post-title":"","ast-breadcrumbs-content":"","ast-featured-img":"","footer-sml-layout":"","ast-disable-related-posts":"","theme-transparent-header-meta":"default","adv-header-id-meta":"","stick-header-meta":"","header-above-stick-meta":"","header-main-stick-meta":"","header-below-stick-meta":"","astra-migrate-meta-layouts":"default","ast-page-background-enabled":"default","ast-page-background-meta":{"desktop":{"background-color":"var(--ast-global-color-4)","background-image":"","background-repeat":"repeat","background-position":"center center","background-size":"auto","background-attachment":"scroll","background-type":"","background-media":"","overlay-type":"","overlay-color":"","overlay-opacity":"","overlay-gradient":""},"tablet":{"background-color":"","background-image":"","background-repeat":"repeat","background-position":"center center","background-size":"auto","background-attachment":"scroll","background-type":"","background-media":"","overlay-type":"","overlay-color":"","overlay-opacity":"","overlay-gradient":""},"mobile":{"background-color":"","background-image":"","background-repeat":"repeat","background-position":"center center","background-size":"auto","background-attachment":"scroll","background-type":"","background-media":"","overlay-type":"","overlay-color":"","overlay-opacity":"","overlay-gradient":""}},"ast-content-background-meta":{"desktop":{"background-color":"var(--ast-global-color-5)","background-image":"","background-repeat":"repeat","background-position":"center center","background-size":"auto","background-attachment":"scroll","background-type":"","background-media":"","overlay-type":"","overlay-color":"","overlay-opacity":"","overlay-gradient":""},"tablet":{"background-color":"var(--ast-global-color-5)","background-image":"","background-repeat":"repeat","background-position":"center center","background-size":"auto","background-attachment":"scroll","background-type":"","background-media":"","overlay-type":"","overlay-color":"","overlay-opacity":"","overlay-gradient":""},"mobile":{"background-color":"var(--ast-global-color-5)","background-image":"","background-repeat":"repeat","background-position":"center center","background-size":"auto","background-attachment":"scroll","background-type":"","background-media":"","overlay-type":"","overlay-color":"","overlay-opacity":"","overlay-gradient":""}}},"product_cat":[57,15],"product_tag":[65,68,66,67,92,64],"class_list":{"0":"post-2666","1":"product","2":"type-product","3":"status-publish","4":"has-post-thumbnail","6":"product_cat-cotton-candy-vending-machine","7":"product_cat-uncategorized","8":"product_tag-automatic-vending","9":"product_tag-double-cabinet","10":"product_tag-easy-operate","11":"product_tag-high-revenue","12":"product_tag-ice-cream","13":"product_tag-remote-control","14":"desktop-align-left","15":"tablet-align-left","16":"mobile-align-left","18":"first","19":"instock","20":"featured","21":"shipping-taxable","22":"product-type-simple"},"acf":[],"yoast_head":"<!-- This site is optimized with the Yoast SEO plugin v27.3 - https:\/\/yoast.com\/product\/yoast-seo-wordpress\/ -->\n<title>Automatic Ice Cream Vending Machine - Wider Matrix - Automatic Cotton Candy Vending Machine<\/title>\n<meta name=\"robots\" content=\"index, follow, max-snippet:-1, max-image-preview:large, max-video-preview:-1\" \/>\n<link rel=\"canonical\" href=\"https:\/\/widermatrix.com\/es\/producto\/maquina-expendedora-automatica-de-helados\/\" \/>\n<meta property=\"og:locale\" content=\"es_MX\" \/>\n<meta property=\"og:type\" content=\"article\" \/>\n<meta property=\"og:title\" content=\"Automatic Ice Cream Vending Machine - Wider Matrix - Automatic Cotton Candy Vending Machine\" \/>\n<meta property=\"og:description\" content=\"Machine model WM550   Flavor basic\u00a0flavor+DIY\u00a0Topping   rated\u00a0voltage\/frequency\/power 220V\/50HZ\/2000W   evaporation\u00a0cylindar\u00a0cleaning Automatic\u00a0cleaning\u00a0function   machine\u00a0size 126*100*226cm   Cupping\u00a0speed fastest:\u00a015s   Type\u00a0of\u00a0motor Variable\u00a0frequency\u00a0motor   Net\u00a0weight 380KG   applicable\u00a0temperature indoor\u00a0temperature\u00a0is\u00a00\u00b0\/50\u00b0   Screen\u00a0size 27\u00a0&quot;touch\u00a0portrait\u00a0+\u00a0advertising\u00a0screen   material 304\u00a0stainless\u00a0steel,\u00a0food\u00a0grade\u00a0PP,\u00a0food\u00a0grade\u00a0silicone\u00a0hose   Main\u00a0structure International\u00a0metal\u00a0plate\u00a0customization\u00a0and\u00a0processing   compressor Italian\u00a0Enbraco\u00a0compressor   Reducer\u00a0type worm\u00a0and\u00a0gear\u00a0   Bulking\u00a0pump High\u00a0swelling\u00a0rate,\u00a0suitable\u00a0for\u00a0automatic\u00a0ice\u00a0cream\u00a0machine\u00a0self-development   Storage\u00a0cylinder\u00a0precooling\u00a0system Pre-cooling\u00a0preservation\u00a0function    &nbsp;\" \/>\n<meta property=\"og:url\" content=\"https:\/\/widermatrix.com\/es\/producto\/maquina-expendedora-automatica-de-helados\/\" \/>\n<meta property=\"og:site_name\" content=\"Wider Matrix - Automatic Cotton Candy Vending Machine\" \/>\n<meta property=\"article:modified_time\" content=\"2025-10-09T01:35:49+00:00\" \/>\n<meta property=\"og:image\" content=\"https:\/\/widermatrix.com\/wp-content\/uploads\/2023\/06\/9-1024x1024.png\" \/>\n\t<meta property=\"og:image:width\" content=\"1024\" \/>\n\t<meta property=\"og:image:height\" content=\"1024\" \/>\n\t<meta property=\"og:image:type\" content=\"image\/png\" \/>\n<meta name=\"twitter:card\" content=\"summary_large_image\" \/>\n<meta name=\"twitter:label1\" content=\"Tiempo de lectura\" \/>\n\t<meta name=\"twitter:data1\" content=\"1 minuto\" \/>\n<script type=\"application\/ld+json\" class=\"yoast-schema-graph\">{\"@context\":\"https:\\\/\\\/schema.org\",\"@graph\":[{\"@type\":\"WebPage\",\"@id\":\"https:\\\/\\\/widermatrix.com\\\/product\\\/automatic-ice-cream-vending-machine\\\/\",\"url\":\"https:\\\/\\\/widermatrix.com\\\/product\\\/automatic-ice-cream-vending-machine\\\/\",\"name\":\"Automatic Ice Cream Vending Machine - Wider Matrix - Automatic Cotton Candy Vending Machine\",\"isPartOf\":{\"@id\":\"https:\\\/\\\/widermatrix.com\\\/#website\"},\"primaryImageOfPage\":{\"@id\":\"https:\\\/\\\/widermatrix.com\\\/product\\\/automatic-ice-cream-vending-machine\\\/#primaryimage\"},\"image\":{\"@id\":\"https:\\\/\\\/widermatrix.com\\\/product\\\/automatic-ice-cream-vending-machine\\\/#primaryimage\"},\"thumbnailUrl\":\"https:\\\/\\\/widermatrix.com\\\/wp-content\\\/uploads\\\/2023\\\/06\\\/9.png\",\"datePublished\":\"2023-06-15T02:13:20+00:00\",\"dateModified\":\"2025-10-09T01:35:49+00:00\",\"breadcrumb\":{\"@id\":\"https:\\\/\\\/widermatrix.com\\\/product\\\/automatic-ice-cream-vending-machine\\\/#breadcrumb\"},\"inLanguage\":\"es\",\"potentialAction\":[{\"@type\":\"ReadAction\",\"target\":[\"https:\\\/\\\/widermatrix.com\\\/product\\\/automatic-ice-cream-vending-machine\\\/\"]}]},{\"@type\":\"ImageObject\",\"inLanguage\":\"es\",\"@id\":\"https:\\\/\\\/widermatrix.com\\\/product\\\/automatic-ice-cream-vending-machine\\\/#primaryimage\",\"url\":\"https:\\\/\\\/widermatrix.com\\\/wp-content\\\/uploads\\\/2023\\\/06\\\/9.png\",\"contentUrl\":\"https:\\\/\\\/widermatrix.com\\\/wp-content\\\/uploads\\\/2023\\\/06\\\/9.png\",\"width\":2400,\"height\":2400},{\"@type\":\"BreadcrumbList\",\"@id\":\"https:\\\/\\\/widermatrix.com\\\/product\\\/automatic-ice-cream-vending-machine\\\/#breadcrumb\",\"itemListElement\":[{\"@type\":\"ListItem\",\"position\":1,\"name\":\"Home\",\"item\":\"https:\\\/\\\/widermatrix.com\\\/\"},{\"@type\":\"ListItem\",\"position\":2,\"name\":\"Product\",\"item\":\"https:\\\/\\\/widermatrix.com\\\/product\\\/\"},{\"@type\":\"ListItem\",\"position\":3,\"name\":\"Automatic Ice Cream Vending Machine\"}]},{\"@type\":\"WebSite\",\"@id\":\"https:\\\/\\\/widermatrix.com\\\/#website\",\"url\":\"https:\\\/\\\/widermatrix.com\\\/\",\"name\":\"Wider Matrix - Automatic Cotton Candy Vending Machine\",\"description\":\"Blue Ocean products in the vending machine industry\uff01\",\"publisher\":{\"@id\":\"https:\\\/\\\/widermatrix.com\\\/#organization\"},\"potentialAction\":[{\"@type\":\"SearchAction\",\"target\":{\"@type\":\"EntryPoint\",\"urlTemplate\":\"https:\\\/\\\/widermatrix.com\\\/?s={search_term_string}\"},\"query-input\":{\"@type\":\"PropertyValueSpecification\",\"valueRequired\":true,\"valueName\":\"search_term_string\"}}],\"inLanguage\":\"es\"},{\"@type\":\"Organization\",\"@id\":\"https:\\\/\\\/widermatrix.com\\\/#organization\",\"name\":\"Wider Matrix - Automatic Cotton Candy Vending Machine\",\"url\":\"https:\\\/\\\/widermatrix.com\\\/\",\"logo\":{\"@type\":\"ImageObject\",\"inLanguage\":\"es\",\"@id\":\"https:\\\/\\\/widermatrix.com\\\/#\\\/schema\\\/logo\\\/image\\\/\",\"url\":\"https:\\\/\\\/widermatrix.com\\\/wp-content\\\/uploads\\\/2022\\\/04\\\/cropped-website-logo.png\",\"contentUrl\":\"https:\\\/\\\/widermatrix.com\\\/wp-content\\\/uploads\\\/2022\\\/04\\\/cropped-website-logo.png\",\"width\":250,\"height\":120,\"caption\":\"Wider Matrix - Automatic Cotton Candy Vending Machine\"},\"image\":{\"@id\":\"https:\\\/\\\/widermatrix.com\\\/#\\\/schema\\\/logo\\\/image\\\/\"}}]}<\/script>\n<!-- \/ Yoast SEO plugin. -->","yoast_head_json":{"title":"M\u00e1quina expendedora autom\u00e1tica de helados - Wider Matrix - M\u00e1quina expendedora autom\u00e1tica de algod\u00f3n de az\u00facar","robots":{"index":"index","follow":"follow","max-snippet":"max-snippet:-1","max-image-preview":"max-image-preview:large","max-video-preview":"max-video-preview:-1"},"canonical":"https:\/\/widermatrix.com\/es\/producto\/maquina-expendedora-automatica-de-helados\/","og_locale":"es_MX","og_type":"article","og_title":"Automatic Ice Cream Vending Machine - Wider Matrix - Automatic Cotton Candy Vending Machine","og_description":"Machine model WM550   Flavor basic\u00a0flavor+DIY\u00a0Topping   rated\u00a0voltage\/frequency\/power 220V\/50HZ\/2000W   evaporation\u00a0cylindar\u00a0cleaning Automatic\u00a0cleaning\u00a0function   machine\u00a0size 126*100*226cm   Cupping\u00a0speed fastest:\u00a015s   Type\u00a0of\u00a0motor Variable\u00a0frequency\u00a0motor   Net\u00a0weight 380KG   applicable\u00a0temperature indoor\u00a0temperature\u00a0is\u00a00\u00b0\/50\u00b0   Screen\u00a0size 27\u00a0\"touch\u00a0portrait\u00a0+\u00a0advertising\u00a0screen   material 304\u00a0stainless\u00a0steel,\u00a0food\u00a0grade\u00a0PP,\u00a0food\u00a0grade\u00a0silicone\u00a0hose   Main\u00a0structure International\u00a0metal\u00a0plate\u00a0customization\u00a0and\u00a0processing   compressor Italian\u00a0Enbraco\u00a0compressor   Reducer\u00a0type worm\u00a0and\u00a0gear\u00a0   Bulking\u00a0pump High\u00a0swelling\u00a0rate,\u00a0suitable\u00a0for\u00a0automatic\u00a0ice\u00a0cream\u00a0machine\u00a0self-development   Storage\u00a0cylinder\u00a0precooling\u00a0system Pre-cooling\u00a0preservation\u00a0function    &nbsp;","og_url":"https:\/\/widermatrix.com\/es\/producto\/maquina-expendedora-automatica-de-helados\/","og_site_name":"Wider Matrix - Automatic Cotton Candy Vending Machine","article_modified_time":"2025-10-09T01:35:49+00:00","og_image":[{"width":1024,"height":1024,"url":"https:\/\/widermatrix.com\/wp-content\/uploads\/2023\/06\/9-1024x1024.png","type":"image\/png"}],"twitter_card":"summary_large_image","twitter_misc":{"Tiempo de lectura":"1 minuto"},"schema":{"@context":"https:\/\/schema.org","@graph":[{"@type":"WebPage","@id":"https:\/\/widermatrix.com\/product\/automatic-ice-cream-vending-machine\/","url":"https:\/\/widermatrix.com\/product\/automatic-ice-cream-vending-machine\/","name":"M\u00e1quina expendedora autom\u00e1tica de helados - Wider Matrix - M\u00e1quina expendedora autom\u00e1tica de algod\u00f3n de az\u00facar","isPartOf":{"@id":"https:\/\/widermatrix.com\/#website"},"primaryImageOfPage":{"@id":"https:\/\/widermatrix.com\/product\/automatic-ice-cream-vending-machine\/#primaryimage"},"image":{"@id":"https:\/\/widermatrix.com\/product\/automatic-ice-cream-vending-machine\/#primaryimage"},"thumbnailUrl":"https:\/\/widermatrix.com\/wp-content\/uploads\/2023\/06\/9.png","datePublished":"2023-06-15T02:13:20+00:00","dateModified":"2025-10-09T01:35:49+00:00","breadcrumb":{"@id":"https:\/\/widermatrix.com\/product\/automatic-ice-cream-vending-machine\/#breadcrumb"},"inLanguage":"es","potentialAction":[{"@type":"ReadAction","target":["https:\/\/widermatrix.com\/product\/automatic-ice-cream-vending-machine\/"]}]},{"@type":"ImageObject","inLanguage":"es","@id":"https:\/\/widermatrix.com\/product\/automatic-ice-cream-vending-machine\/#primaryimage","url":"https:\/\/widermatrix.com\/wp-content\/uploads\/2023\/06\/9.png","contentUrl":"https:\/\/widermatrix.com\/wp-content\/uploads\/2023\/06\/9.png","width":2400,"height":2400},{"@type":"BreadcrumbList","@id":"https:\/\/widermatrix.com\/product\/automatic-ice-cream-vending-machine\/#breadcrumb","itemListElement":[{"@type":"ListItem","position":1,"name":"Home","item":"https:\/\/widermatrix.com\/"},{"@type":"ListItem","position":2,"name":"Product","item":"https:\/\/widermatrix.com\/product\/"},{"@type":"ListItem","position":3,"name":"Automatic Ice Cream Vending Machine"}]},{"@type":"WebSite","@id":"https:\/\/widermatrix.com\/#website","url":"https:\/\/widermatrix.com\/","name":"Wider Matrix - M\u00e1quina expendedora autom\u00e1tica de algod\u00f3n de az\u00facar","description":"Productos Blue Ocean en el sector de las m\u00e1quinas expendedoras\uff01.","publisher":{"@id":"https:\/\/widermatrix.com\/#organization"},"potentialAction":[{"@type":"SearchAction","target":{"@type":"EntryPoint","urlTemplate":"https:\/\/widermatrix.com\/?s={search_term_string}"},"query-input":{"@type":"PropertyValueSpecification","valueRequired":true,"valueName":"search_term_string"}}],"inLanguage":"es"},{"@type":"Organization","@id":"https:\/\/widermatrix.com\/#organization","name":"Wider Matrix - M\u00e1quina expendedora autom\u00e1tica de algod\u00f3n de az\u00facar","url":"https:\/\/widermatrix.com\/","logo":{"@type":"ImageObject","inLanguage":"es","@id":"https:\/\/widermatrix.com\/#\/schema\/logo\/image\/","url":"https:\/\/widermatrix.com\/wp-content\/uploads\/2022\/04\/cropped-website-logo.png","contentUrl":"https:\/\/widermatrix.com\/wp-content\/uploads\/2022\/04\/cropped-website-logo.png","width":250,"height":120,"caption":"Wider Matrix - Automatic Cotton Candy Vending Machine"},"image":{"@id":"https:\/\/widermatrix.com\/#\/schema\/logo\/image\/"}}]}},"_links":{"self":[{"href":"https:\/\/widermatrix.com\/es\/wp-json\/wp\/v2\/product\/2666","targetHints":{"allow":["GET"]}}],"collection":[{"href":"https:\/\/widermatrix.com\/es\/wp-json\/wp\/v2\/product"}],"about":[{"href":"https:\/\/widermatrix.com\/es\/wp-json\/wp\/v2\/types\/product"}],"replies":[{"embeddable":true,"href":"https:\/\/widermatrix.com\/es\/wp-json\/wp\/v2\/comments?post=2666"}],"wp:featuredmedia":[{"embeddable":true,"href":"https:\/\/widermatrix.com\/es\/wp-json\/wp\/v2\/media\/3491"}],"wp:attachment":[{"href":"https:\/\/widermatrix.com\/es\/wp-json\/wp\/v2\/media?parent=2666"}],"wp:term":[{"taxonomy":"product_cat","embeddable":true,"href":"https:\/\/widermatrix.com\/es\/wp-json\/wp\/v2\/product_cat?post=2666"},{"taxonomy":"product_tag","embeddable":true,"href":"https:\/\/widermatrix.com\/es\/wp-json\/wp\/v2\/product_tag?post=2666"}],"curies":[{"name":"wp","href":"https:\/\/api.w.org\/{rel}","templated":true}]}}