{"id":2319,"date":"2023-02-20T17:14:50","date_gmt":"2023-02-20T09:14:50","guid":{"rendered":"https:\/\/widermatrix.com\/?post_type=product&#038;p=2319"},"modified":"2025-02-24T17:19:55","modified_gmt":"2025-02-24T09:19:55","slug":"maquina-expendedora-automatica-de-algodon-de-azucarpurpura","status":"publish","type":"product","link":"https:\/\/widermatrix.com\/es\/product\/automatic-cotton-candy-vending-machinepurple\/","title":{"rendered":"M\u00e1quina expendedora autom\u00e1tica de algod\u00f3n de az\u00facar (p\u00farpura)"},"content":{"rendered":"<p>M\u00e1quina expendedora autom\u00e1tica de algod\u00f3n de az\u00facar (p\u00farpura)<\/p>\n<div class=\"ast-oembed-container\" style=\"height: 100%;\"><iframe loading=\"lazy\" title=\"M\u00e1quina de algod\u00f3n de az\u00facar para Rusia_M\u00e1quina de algod\u00f3n de az\u00facar\" width=\"500\" height=\"281\" src=\"https:\/\/www.youtube.com\/embed\/ichwJh3tzuA?feature=oembed\" frameborder=\"0\" allow=\"accelerometer; autoplay; clipboard-write; encrypted-media; gyroscope; picture-in-picture; web-share\" referrerpolicy=\"strict-origin-when-cross-origin\" allowfullscreen><\/iframe><\/div>","protected":false},"excerpt":{"rendered":"<p>- Totalmente autom\u00e1tico<br \/>\n- Configuraci\u00f3n y control remotos.<br \/>\n- Alto margen de beneficios<br \/>\n- Utilice az\u00facar normal de 1,2 mm a 1,7 mm.<br \/>\n- Vienen con 3000 palitos de papel aprobados por la FDA<br \/>\n- Variedad de patrones<br \/>\n- Servicio OEM disponible<br \/>\n- Tacto no pegajoso<br \/>\n- F\u00e1cil de limpiar y recargar<br \/>\n- Servicio DDP to Door para EE.UU., Arabia Saud\u00ed, Dubai, Canad\u00e1 y Europa<\/p>","protected":false},"featured_media":3494,"comment_status":"open","ping_status":"closed","template":"","meta":{"_acf_changed":false,"site-sidebar-layout":"default","site-content-layout":"default","ast-site-content-layout":"default","site-content-style":"default","site-sidebar-style":"default","ast-global-header-display":"","ast-banner-title-visibility":"","ast-main-header-display":"","ast-hfb-above-header-display":"","ast-hfb-below-header-display":"","ast-hfb-mobile-header-display":"","site-post-title":"","ast-breadcrumbs-content":"","ast-featured-img":"","footer-sml-layout":"","ast-disable-related-posts":"","theme-transparent-header-meta":"default","adv-header-id-meta":"","stick-header-meta":"","header-above-stick-meta":"","header-main-stick-meta":"","header-below-stick-meta":"","astra-migrate-meta-layouts":"default","ast-page-background-enabled":"default","ast-page-background-meta":{"desktop":{"background-color":"var(--ast-global-color-4)","background-image":"","background-repeat":"repeat","background-position":"center center","background-size":"auto","background-attachment":"scroll","background-type":"","background-media":"","overlay-type":"","overlay-color":"","overlay-opacity":"","overlay-gradient":""},"tablet":{"background-color":"","background-image":"","background-repeat":"repeat","background-position":"center center","background-size":"auto","background-attachment":"scroll","background-type":"","background-media":"","overlay-type":"","overlay-color":"","overlay-opacity":"","overlay-gradient":""},"mobile":{"background-color":"","background-image":"","background-repeat":"repeat","background-position":"center center","background-size":"auto","background-attachment":"scroll","background-type":"","background-media":"","overlay-type":"","overlay-color":"","overlay-opacity":"","overlay-gradient":""}},"ast-content-background-meta":{"desktop":{"background-color":"var(--ast-global-color-5)","background-image":"","background-repeat":"repeat","background-position":"center center","background-size":"auto","background-attachment":"scroll","background-type":"","background-media":"","overlay-type":"","overlay-color":"","overlay-opacity":"","overlay-gradient":""},"tablet":{"background-color":"var(--ast-global-color-5)","background-image":"","background-repeat":"repeat","background-position":"center center","background-size":"auto","background-attachment":"scroll","background-type":"","background-media":"","overlay-type":"","overlay-color":"","overlay-opacity":"","overlay-gradient":""},"mobile":{"background-color":"var(--ast-global-color-5)","background-image":"","background-repeat":"repeat","background-position":"center center","background-size":"auto","background-attachment":"scroll","background-type":"","background-media":"","overlay-type":"","overlay-color":"","overlay-opacity":"","overlay-gradient":""}}},"product_cat":[57,26],"product_tag":[65,68,66,67,64],"class_list":{"0":"post-2319","1":"product","2":"type-product","3":"status-publish","4":"has-post-thumbnail","6":"product_cat-cotton-candy-vending-machine","7":"product_cat-double-cabinet","8":"product_tag-automatic-vending","9":"product_tag-double-cabinet","10":"product_tag-easy-operate","11":"product_tag-high-revenue","12":"product_tag-remote-control","13":"desktop-align-left","14":"tablet-align-left","15":"mobile-align-left","17":"first","18":"instock","19":"featured","20":"shipping-taxable","21":"product-type-simple"},"acf":[],"yoast_head":"<!-- This site is optimized with the Yoast SEO plugin v27.3 - https:\/\/yoast.com\/product\/yoast-seo-wordpress\/ -->\n<title>Automatic Cotton Candy Vending Machine(Purple) - Wider Matrix - Automatic Cotton Candy Vending Machine<\/title>\n<meta name=\"robots\" content=\"index, follow, max-snippet:-1, max-image-preview:large, max-video-preview:-1\" \/>\n<link rel=\"canonical\" href=\"https:\/\/widermatrix.com\/es\/producto\/maquina-expendedora-automatica-de-algodon-de-azucarpurpura\/\" \/>\n<meta property=\"og:locale\" content=\"es_MX\" \/>\n<meta property=\"og:type\" content=\"article\" \/>\n<meta property=\"og:title\" content=\"Automatic Cotton Candy Vending Machine(Purple) - Wider Matrix - Automatic Cotton Candy Vending Machine\" \/>\n<meta property=\"og:description\" content=\"\u00b7 Full automatic \u00b7 Remote config and control. \u00b7 High-profit margin \u00b7 Use regular sugar within 1.2mm~1.7mm \u00b7 Come with 3000 FDA-approved paper sticks \u00b7 Variety choice of patterns \u00b7 OEM service available \u00b7 Non-sticky touch \u00b7 Easy to clean and reload \u00b7 DDP to Door service for USA, Saudi Arabia, Dubai, Canada, and Europe\" \/>\n<meta property=\"og:url\" content=\"https:\/\/widermatrix.com\/es\/producto\/maquina-expendedora-automatica-de-algodon-de-azucarpurpura\/\" \/>\n<meta property=\"og:site_name\" content=\"Wider Matrix - Automatic Cotton Candy Vending Machine\" \/>\n<meta property=\"article:modified_time\" content=\"2025-02-24T09:19:55+00:00\" \/>\n<meta property=\"og:image\" content=\"https:\/\/widermatrix.com\/wp-content\/uploads\/2023\/06\/13-1024x1024.png\" \/>\n\t<meta property=\"og:image:width\" content=\"1024\" \/>\n\t<meta property=\"og:image:height\" content=\"1024\" \/>\n\t<meta property=\"og:image:type\" content=\"image\/png\" \/>\n<meta name=\"twitter:card\" content=\"summary_large_image\" \/>\n<meta name=\"twitter:label1\" content=\"Tiempo de lectura\" \/>\n\t<meta name=\"twitter:data1\" content=\"1 minuto\" \/>\n<script type=\"application\/ld+json\" class=\"yoast-schema-graph\">{\"@context\":\"https:\\\/\\\/schema.org\",\"@graph\":[{\"@type\":\"WebPage\",\"@id\":\"https:\\\/\\\/widermatrix.com\\\/product\\\/automatic-cotton-candy-vending-machinepurple\\\/\",\"url\":\"https:\\\/\\\/widermatrix.com\\\/product\\\/automatic-cotton-candy-vending-machinepurple\\\/\",\"name\":\"Automatic Cotton Candy Vending Machine(Purple) - Wider Matrix - Automatic Cotton Candy Vending Machine\",\"isPartOf\":{\"@id\":\"https:\\\/\\\/widermatrix.com\\\/#website\"},\"primaryImageOfPage\":{\"@id\":\"https:\\\/\\\/widermatrix.com\\\/product\\\/automatic-cotton-candy-vending-machinepurple\\\/#primaryimage\"},\"image\":{\"@id\":\"https:\\\/\\\/widermatrix.com\\\/product\\\/automatic-cotton-candy-vending-machinepurple\\\/#primaryimage\"},\"thumbnailUrl\":\"https:\\\/\\\/widermatrix.com\\\/wp-content\\\/uploads\\\/2023\\\/06\\\/13.png\",\"datePublished\":\"2023-02-20T09:14:50+00:00\",\"dateModified\":\"2025-02-24T09:19:55+00:00\",\"breadcrumb\":{\"@id\":\"https:\\\/\\\/widermatrix.com\\\/product\\\/automatic-cotton-candy-vending-machinepurple\\\/#breadcrumb\"},\"inLanguage\":\"es\",\"potentialAction\":[{\"@type\":\"ReadAction\",\"target\":[\"https:\\\/\\\/widermatrix.com\\\/product\\\/automatic-cotton-candy-vending-machinepurple\\\/\"]}]},{\"@type\":\"ImageObject\",\"inLanguage\":\"es\",\"@id\":\"https:\\\/\\\/widermatrix.com\\\/product\\\/automatic-cotton-candy-vending-machinepurple\\\/#primaryimage\",\"url\":\"https:\\\/\\\/widermatrix.com\\\/wp-content\\\/uploads\\\/2023\\\/06\\\/13.png\",\"contentUrl\":\"https:\\\/\\\/widermatrix.com\\\/wp-content\\\/uploads\\\/2023\\\/06\\\/13.png\",\"width\":2400,\"height\":2400},{\"@type\":\"BreadcrumbList\",\"@id\":\"https:\\\/\\\/widermatrix.com\\\/product\\\/automatic-cotton-candy-vending-machinepurple\\\/#breadcrumb\",\"itemListElement\":[{\"@type\":\"ListItem\",\"position\":1,\"name\":\"Home\",\"item\":\"https:\\\/\\\/widermatrix.com\\\/\"},{\"@type\":\"ListItem\",\"position\":2,\"name\":\"Product\",\"item\":\"https:\\\/\\\/widermatrix.com\\\/product\\\/\"},{\"@type\":\"ListItem\",\"position\":3,\"name\":\"Automatic Cotton Candy Vending Machine(Purple)\"}]},{\"@type\":\"WebSite\",\"@id\":\"https:\\\/\\\/widermatrix.com\\\/#website\",\"url\":\"https:\\\/\\\/widermatrix.com\\\/\",\"name\":\"Wider Matrix - Automatic Cotton Candy Vending Machine\",\"description\":\"Blue Ocean products in the vending machine industry\uff01\",\"publisher\":{\"@id\":\"https:\\\/\\\/widermatrix.com\\\/#organization\"},\"potentialAction\":[{\"@type\":\"SearchAction\",\"target\":{\"@type\":\"EntryPoint\",\"urlTemplate\":\"https:\\\/\\\/widermatrix.com\\\/?s={search_term_string}\"},\"query-input\":{\"@type\":\"PropertyValueSpecification\",\"valueRequired\":true,\"valueName\":\"search_term_string\"}}],\"inLanguage\":\"es\"},{\"@type\":\"Organization\",\"@id\":\"https:\\\/\\\/widermatrix.com\\\/#organization\",\"name\":\"Wider Matrix - Automatic Cotton Candy Vending Machine\",\"url\":\"https:\\\/\\\/widermatrix.com\\\/\",\"logo\":{\"@type\":\"ImageObject\",\"inLanguage\":\"es\",\"@id\":\"https:\\\/\\\/widermatrix.com\\\/#\\\/schema\\\/logo\\\/image\\\/\",\"url\":\"https:\\\/\\\/widermatrix.com\\\/wp-content\\\/uploads\\\/2022\\\/04\\\/cropped-website-logo.png\",\"contentUrl\":\"https:\\\/\\\/widermatrix.com\\\/wp-content\\\/uploads\\\/2022\\\/04\\\/cropped-website-logo.png\",\"width\":250,\"height\":120,\"caption\":\"Wider Matrix - Automatic Cotton Candy Vending Machine\"},\"image\":{\"@id\":\"https:\\\/\\\/widermatrix.com\\\/#\\\/schema\\\/logo\\\/image\\\/\"}}]}<\/script>\n<!-- \/ Yoast SEO plugin. -->","yoast_head_json":{"title":"M\u00e1quina expendedora autom\u00e1tica de algod\u00f3n de az\u00facar(Purple) - Wider Matrix - M\u00e1quina expendedora autom\u00e1tica de algod\u00f3n de az\u00facar","robots":{"index":"index","follow":"follow","max-snippet":"max-snippet:-1","max-image-preview":"max-image-preview:large","max-video-preview":"max-video-preview:-1"},"canonical":"https:\/\/widermatrix.com\/es\/producto\/maquina-expendedora-automatica-de-algodon-de-azucarpurpura\/","og_locale":"es_MX","og_type":"article","og_title":"Automatic Cotton Candy Vending Machine(Purple) - Wider Matrix - Automatic Cotton Candy Vending Machine","og_description":"\u00b7 Full automatic \u00b7 Remote config and control. \u00b7 High-profit margin \u00b7 Use regular sugar within 1.2mm~1.7mm \u00b7 Come with 3000 FDA-approved paper sticks \u00b7 Variety choice of patterns \u00b7 OEM service available \u00b7 Non-sticky touch \u00b7 Easy to clean and reload \u00b7 DDP to Door service for USA, Saudi Arabia, Dubai, Canada, and Europe","og_url":"https:\/\/widermatrix.com\/es\/producto\/maquina-expendedora-automatica-de-algodon-de-azucarpurpura\/","og_site_name":"Wider Matrix - Automatic Cotton Candy Vending Machine","article_modified_time":"2025-02-24T09:19:55+00:00","og_image":[{"width":1024,"height":1024,"url":"https:\/\/widermatrix.com\/wp-content\/uploads\/2023\/06\/13-1024x1024.png","type":"image\/png"}],"twitter_card":"summary_large_image","twitter_misc":{"Tiempo de lectura":"1 minuto"},"schema":{"@context":"https:\/\/schema.org","@graph":[{"@type":"WebPage","@id":"https:\/\/widermatrix.com\/product\/automatic-cotton-candy-vending-machinepurple\/","url":"https:\/\/widermatrix.com\/product\/automatic-cotton-candy-vending-machinepurple\/","name":"M\u00e1quina expendedora autom\u00e1tica de algod\u00f3n de az\u00facar(Purple) - Wider Matrix - M\u00e1quina expendedora autom\u00e1tica de algod\u00f3n de az\u00facar","isPartOf":{"@id":"https:\/\/widermatrix.com\/#website"},"primaryImageOfPage":{"@id":"https:\/\/widermatrix.com\/product\/automatic-cotton-candy-vending-machinepurple\/#primaryimage"},"image":{"@id":"https:\/\/widermatrix.com\/product\/automatic-cotton-candy-vending-machinepurple\/#primaryimage"},"thumbnailUrl":"https:\/\/widermatrix.com\/wp-content\/uploads\/2023\/06\/13.png","datePublished":"2023-02-20T09:14:50+00:00","dateModified":"2025-02-24T09:19:55+00:00","breadcrumb":{"@id":"https:\/\/widermatrix.com\/product\/automatic-cotton-candy-vending-machinepurple\/#breadcrumb"},"inLanguage":"es","potentialAction":[{"@type":"ReadAction","target":["https:\/\/widermatrix.com\/product\/automatic-cotton-candy-vending-machinepurple\/"]}]},{"@type":"ImageObject","inLanguage":"es","@id":"https:\/\/widermatrix.com\/product\/automatic-cotton-candy-vending-machinepurple\/#primaryimage","url":"https:\/\/widermatrix.com\/wp-content\/uploads\/2023\/06\/13.png","contentUrl":"https:\/\/widermatrix.com\/wp-content\/uploads\/2023\/06\/13.png","width":2400,"height":2400},{"@type":"BreadcrumbList","@id":"https:\/\/widermatrix.com\/product\/automatic-cotton-candy-vending-machinepurple\/#breadcrumb","itemListElement":[{"@type":"ListItem","position":1,"name":"Home","item":"https:\/\/widermatrix.com\/"},{"@type":"ListItem","position":2,"name":"Product","item":"https:\/\/widermatrix.com\/product\/"},{"@type":"ListItem","position":3,"name":"Automatic Cotton Candy Vending Machine(Purple)"}]},{"@type":"WebSite","@id":"https:\/\/widermatrix.com\/#website","url":"https:\/\/widermatrix.com\/","name":"Wider Matrix - M\u00e1quina expendedora autom\u00e1tica de algod\u00f3n de az\u00facar","description":"Productos Blue Ocean en el sector de las m\u00e1quinas expendedoras\uff01.","publisher":{"@id":"https:\/\/widermatrix.com\/#organization"},"potentialAction":[{"@type":"SearchAction","target":{"@type":"EntryPoint","urlTemplate":"https:\/\/widermatrix.com\/?s={search_term_string}"},"query-input":{"@type":"PropertyValueSpecification","valueRequired":true,"valueName":"search_term_string"}}],"inLanguage":"es"},{"@type":"Organization","@id":"https:\/\/widermatrix.com\/#organization","name":"Wider Matrix - M\u00e1quina expendedora autom\u00e1tica de algod\u00f3n de az\u00facar","url":"https:\/\/widermatrix.com\/","logo":{"@type":"ImageObject","inLanguage":"es","@id":"https:\/\/widermatrix.com\/#\/schema\/logo\/image\/","url":"https:\/\/widermatrix.com\/wp-content\/uploads\/2022\/04\/cropped-website-logo.png","contentUrl":"https:\/\/widermatrix.com\/wp-content\/uploads\/2022\/04\/cropped-website-logo.png","width":250,"height":120,"caption":"Wider Matrix - Automatic Cotton Candy Vending Machine"},"image":{"@id":"https:\/\/widermatrix.com\/#\/schema\/logo\/image\/"}}]}},"_links":{"self":[{"href":"https:\/\/widermatrix.com\/es\/wp-json\/wp\/v2\/product\/2319","targetHints":{"allow":["GET"]}}],"collection":[{"href":"https:\/\/widermatrix.com\/es\/wp-json\/wp\/v2\/product"}],"about":[{"href":"https:\/\/widermatrix.com\/es\/wp-json\/wp\/v2\/types\/product"}],"replies":[{"embeddable":true,"href":"https:\/\/widermatrix.com\/es\/wp-json\/wp\/v2\/comments?post=2319"}],"wp:featuredmedia":[{"embeddable":true,"href":"https:\/\/widermatrix.com\/es\/wp-json\/wp\/v2\/media\/3494"}],"wp:attachment":[{"href":"https:\/\/widermatrix.com\/es\/wp-json\/wp\/v2\/media?parent=2319"}],"wp:term":[{"taxonomy":"product_cat","embeddable":true,"href":"https:\/\/widermatrix.com\/es\/wp-json\/wp\/v2\/product_cat?post=2319"},{"taxonomy":"product_tag","embeddable":true,"href":"https:\/\/widermatrix.com\/es\/wp-json\/wp\/v2\/product_tag?post=2319"}],"curies":[{"name":"wp","href":"https:\/\/api.w.org\/{rel}","templated":true}]}}