{"id":7845,"date":"2026-04-28T17:39:44","date_gmt":"2026-04-28T09:39:44","guid":{"rendered":"https:\/\/widermatrix.com\/?page_id=7845"},"modified":"2026-04-28T18:32:05","modified_gmt":"2026-04-28T10:32:05","slug":"products","status":"publish","type":"page","link":"https:\/\/widermatrix.com\/es\/products\/","title":{"rendered":"Productos"},"content":{"rendered":"","protected":false},"excerpt":{"rendered":"","protected":false},"author":7,"featured_media":0,"parent":0,"menu_order":0,"comment_status":"closed","ping_status":"closed","template":"page-custom-product-archive.php","meta":{"_acf_changed":false,"_yoast_wpseo_title":"Vending Machines for Sale | Phone Case, Cotton Candy & More","_yoast_wpseo_metadesc":"Shop professional vending machines: phone case, cotton candy, pizza, ice cream & custom solutions. Factory direct pricing. Free consultation. Contact us today!","site-sidebar-layout":"default","site-content-layout":"","ast-site-content-layout":"default","site-content-style":"default","site-sidebar-style":"default","ast-global-header-display":"","ast-banner-title-visibility":"","ast-main-header-display":"","ast-hfb-above-header-display":"","ast-hfb-below-header-display":"","ast-hfb-mobile-header-display":"","site-post-title":"","ast-breadcrumbs-content":"","ast-featured-img":"","footer-sml-layout":"","ast-disable-related-posts":"","theme-transparent-header-meta":"default","adv-header-id-meta":"","stick-header-meta":"","header-above-stick-meta":"","header-main-stick-meta":"","header-below-stick-meta":"","astra-migrate-meta-layouts":"set","ast-page-background-enabled":"default","ast-page-background-meta":{"desktop":{"background-color":"var(--ast-global-color-4)","background-image":"","background-repeat":"repeat","background-position":"center center","background-size":"auto","background-attachment":"scroll","background-type":"","background-media":"","overlay-type":"","overlay-color":"","overlay-opacity":"","overlay-gradient":""},"tablet":{"background-color":"","background-image":"","background-repeat":"repeat","background-position":"center center","background-size":"auto","background-attachment":"scroll","background-type":"","background-media":"","overlay-type":"","overlay-color":"","overlay-opacity":"","overlay-gradient":""},"mobile":{"background-color":"","background-image":"","background-repeat":"repeat","background-position":"center center","background-size":"auto","background-attachment":"scroll","background-type":"","background-media":"","overlay-type":"","overlay-color":"","overlay-opacity":"","overlay-gradient":""}},"ast-content-background-meta":{"desktop":{"background-color":"var(--ast-global-color-5)","background-image":"","background-repeat":"repeat","background-position":"center center","background-size":"auto","background-attachment":"scroll","background-type":"","background-media":"","overlay-type":"","overlay-color":"","overlay-opacity":"","overlay-gradient":""},"tablet":{"background-color":"var(--ast-global-color-5)","background-image":"","background-repeat":"repeat","background-position":"center center","background-size":"auto","background-attachment":"scroll","background-type":"","background-media":"","overlay-type":"","overlay-color":"","overlay-opacity":"","overlay-gradient":""},"mobile":{"background-color":"var(--ast-global-color-5)","background-image":"","background-repeat":"repeat","background-position":"center center","background-size":"auto","background-attachment":"scroll","background-type":"","background-media":"","overlay-type":"","overlay-color":"","overlay-opacity":"","overlay-gradient":""}},"footnotes":""},"class_list":["post-7845","page","type-page","status-publish","hentry"],"acf":[],"yoast_head":"<!-- This site is optimized with the Yoast SEO plugin v27.3 - https:\/\/yoast.com\/product\/yoast-seo-wordpress\/ -->\n<title>Vending Machines for Sale | Phone Case, Cotton Candy &amp; More<\/title>\n<meta name=\"description\" content=\"Shop professional vending machines: phone case, cotton candy, pizza, ice cream &amp; custom solutions. Factory direct pricing. Free consultation. Contact us today!\" \/>\n<meta name=\"robots\" content=\"index, follow, max-snippet:-1, max-image-preview:large, max-video-preview:-1\" \/>\n<link rel=\"canonical\" href=\"https:\/\/widermatrix.com\/es\/products\/\" \/>\n<meta property=\"og:locale\" content=\"es_MX\" \/>\n<meta property=\"og:type\" content=\"article\" \/>\n<meta property=\"og:title\" content=\"Vending Machines for Sale | Phone Case, Cotton Candy &amp; More\" \/>\n<meta property=\"og:description\" content=\"Shop professional vending machines: phone case, cotton candy, pizza, ice cream &amp; custom solutions. Factory direct pricing. Free consultation. Contact us today!\" \/>\n<meta property=\"og:url\" content=\"https:\/\/widermatrix.com\/es\/products\/\" \/>\n<meta property=\"og:site_name\" content=\"Wider Matrix - Automatic Cotton Candy Vending Machine\" \/>\n<meta property=\"article:modified_time\" content=\"2026-04-28T10:32:05+00:00\" \/>\n<meta name=\"twitter:card\" content=\"summary_large_image\" \/>\n<script type=\"application\/ld+json\" class=\"yoast-schema-graph\">{\"@context\":\"https:\\\/\\\/schema.org\",\"@graph\":[{\"@type\":\"WebPage\",\"@id\":\"https:\\\/\\\/widermatrix.com\\\/products\\\/\",\"url\":\"https:\\\/\\\/widermatrix.com\\\/products\\\/\",\"name\":\"Vending Machines for Sale | Phone Case, Cotton Candy & More\",\"isPartOf\":{\"@id\":\"https:\\\/\\\/widermatrix.com\\\/#website\"},\"datePublished\":\"2026-04-28T09:39:44+00:00\",\"dateModified\":\"2026-04-28T10:32:05+00:00\",\"description\":\"Shop professional vending machines: phone case, cotton candy, pizza, ice cream & custom solutions. Factory direct pricing. Free consultation. Contact us today!\",\"breadcrumb\":{\"@id\":\"https:\\\/\\\/widermatrix.com\\\/products\\\/#breadcrumb\"},\"inLanguage\":\"es\",\"potentialAction\":[{\"@type\":\"ReadAction\",\"target\":[\"https:\\\/\\\/widermatrix.com\\\/products\\\/\"]}]},{\"@type\":\"BreadcrumbList\",\"@id\":\"https:\\\/\\\/widermatrix.com\\\/products\\\/#breadcrumb\",\"itemListElement\":[{\"@type\":\"ListItem\",\"position\":1,\"name\":\"Home\",\"item\":\"https:\\\/\\\/widermatrix.com\\\/\"},{\"@type\":\"ListItem\",\"position\":2,\"name\":\"Products\"}]},{\"@type\":\"WebSite\",\"@id\":\"https:\\\/\\\/widermatrix.com\\\/#website\",\"url\":\"https:\\\/\\\/widermatrix.com\\\/\",\"name\":\"Wider Matrix - Automatic Cotton Candy Vending Machine\",\"description\":\"Blue Ocean products in the vending machine industry\uff01\",\"publisher\":{\"@id\":\"https:\\\/\\\/widermatrix.com\\\/#organization\"},\"potentialAction\":[{\"@type\":\"SearchAction\",\"target\":{\"@type\":\"EntryPoint\",\"urlTemplate\":\"https:\\\/\\\/widermatrix.com\\\/?s={search_term_string}\"},\"query-input\":{\"@type\":\"PropertyValueSpecification\",\"valueRequired\":true,\"valueName\":\"search_term_string\"}}],\"inLanguage\":\"es\"},{\"@type\":\"Organization\",\"@id\":\"https:\\\/\\\/widermatrix.com\\\/#organization\",\"name\":\"Wider Matrix - Automatic Cotton Candy Vending Machine\",\"url\":\"https:\\\/\\\/widermatrix.com\\\/\",\"logo\":{\"@type\":\"ImageObject\",\"inLanguage\":\"es\",\"@id\":\"https:\\\/\\\/widermatrix.com\\\/#\\\/schema\\\/logo\\\/image\\\/\",\"url\":\"https:\\\/\\\/widermatrix.com\\\/wp-content\\\/uploads\\\/2022\\\/04\\\/cropped-website-logo.png\",\"contentUrl\":\"https:\\\/\\\/widermatrix.com\\\/wp-content\\\/uploads\\\/2022\\\/04\\\/cropped-website-logo.png\",\"width\":250,\"height\":120,\"caption\":\"Wider Matrix - Automatic Cotton Candy Vending Machine\"},\"image\":{\"@id\":\"https:\\\/\\\/widermatrix.com\\\/#\\\/schema\\\/logo\\\/image\\\/\"}}]}<\/script>\n<!-- \/ Yoast SEO plugin. -->","yoast_head_json":{"title":"M\u00e1quinas Vendedoras en venta| Caja de tel\u00e9fono, Candy de algod\u00f3n y m\u00e1s","description":"Tienda de m\u00e1quinas expendedoras profesionales: estuche de tel\u00e9fono, caramelo de algod\u00f3n, pizza, helado y soluciones personalizadas. Precios directos de f\u00e1brica. Consulta gratuita.\u00a1Contacta con nosotros hoy!","robots":{"index":"index","follow":"follow","max-snippet":"max-snippet:-1","max-image-preview":"max-image-preview:large","max-video-preview":"max-video-preview:-1"},"canonical":"https:\/\/widermatrix.com\/es\/products\/","og_locale":"es_MX","og_type":"article","og_title":"Vending Machines for Sale | Phone Case, Cotton Candy & More","og_description":"Shop professional vending machines: phone case, cotton candy, pizza, ice cream & custom solutions. Factory direct pricing. Free consultation. Contact us today!","og_url":"https:\/\/widermatrix.com\/es\/products\/","og_site_name":"Wider Matrix - Automatic Cotton Candy Vending Machine","article_modified_time":"2026-04-28T10:32:05+00:00","twitter_card":"summary_large_image","schema":{"@context":"https:\/\/schema.org","@graph":[{"@type":"WebPage","@id":"https:\/\/widermatrix.com\/products\/","url":"https:\/\/widermatrix.com\/products\/","name":"M\u00e1quinas Vendedoras en venta| Caja de tel\u00e9fono, Candy de algod\u00f3n y m\u00e1s","isPartOf":{"@id":"https:\/\/widermatrix.com\/#website"},"datePublished":"2026-04-28T09:39:44+00:00","dateModified":"2026-04-28T10:32:05+00:00","description":"Tienda de m\u00e1quinas expendedoras profesionales: estuche de tel\u00e9fono, caramelo de algod\u00f3n, pizza, helado y soluciones personalizadas. Precios directos de f\u00e1brica. Consulta gratuita.\u00a1Contacta con nosotros hoy!","breadcrumb":{"@id":"https:\/\/widermatrix.com\/products\/#breadcrumb"},"inLanguage":"es","potentialAction":[{"@type":"ReadAction","target":["https:\/\/widermatrix.com\/products\/"]}]},{"@type":"BreadcrumbList","@id":"https:\/\/widermatrix.com\/products\/#breadcrumb","itemListElement":[{"@type":"ListItem","position":1,"name":"Home","item":"https:\/\/widermatrix.com\/"},{"@type":"ListItem","position":2,"name":"Products"}]},{"@type":"WebSite","@id":"https:\/\/widermatrix.com\/#website","url":"https:\/\/widermatrix.com\/","name":"Wider Matrix - M\u00e1quina expendedora autom\u00e1tica de algod\u00f3n de az\u00facar","description":"Productos Blue Ocean en el sector de las m\u00e1quinas expendedoras\uff01.","publisher":{"@id":"https:\/\/widermatrix.com\/#organization"},"potentialAction":[{"@type":"SearchAction","target":{"@type":"EntryPoint","urlTemplate":"https:\/\/widermatrix.com\/?s={search_term_string}"},"query-input":{"@type":"PropertyValueSpecification","valueRequired":true,"valueName":"search_term_string"}}],"inLanguage":"es"},{"@type":"Organization","@id":"https:\/\/widermatrix.com\/#organization","name":"Wider Matrix - M\u00e1quina expendedora autom\u00e1tica de algod\u00f3n de az\u00facar","url":"https:\/\/widermatrix.com\/","logo":{"@type":"ImageObject","inLanguage":"es","@id":"https:\/\/widermatrix.com\/#\/schema\/logo\/image\/","url":"https:\/\/widermatrix.com\/wp-content\/uploads\/2022\/04\/cropped-website-logo.png","contentUrl":"https:\/\/widermatrix.com\/wp-content\/uploads\/2022\/04\/cropped-website-logo.png","width":250,"height":120,"caption":"Wider Matrix - Automatic Cotton Candy Vending Machine"},"image":{"@id":"https:\/\/widermatrix.com\/#\/schema\/logo\/image\/"}}]}},"_links":{"self":[{"href":"https:\/\/widermatrix.com\/es\/wp-json\/wp\/v2\/pages\/7845","targetHints":{"allow":["GET"]}}],"collection":[{"href":"https:\/\/widermatrix.com\/es\/wp-json\/wp\/v2\/pages"}],"about":[{"href":"https:\/\/widermatrix.com\/es\/wp-json\/wp\/v2\/types\/page"}],"author":[{"embeddable":true,"href":"https:\/\/widermatrix.com\/es\/wp-json\/wp\/v2\/users\/7"}],"replies":[{"embeddable":true,"href":"https:\/\/widermatrix.com\/es\/wp-json\/wp\/v2\/comments?post=7845"}],"version-history":[{"count":2,"href":"https:\/\/widermatrix.com\/es\/wp-json\/wp\/v2\/pages\/7845\/revisions"}],"predecessor-version":[{"id":7848,"href":"https:\/\/widermatrix.com\/es\/wp-json\/wp\/v2\/pages\/7845\/revisions\/7848"}],"wp:attachment":[{"href":"https:\/\/widermatrix.com\/es\/wp-json\/wp\/v2\/media?parent=7845"}],"curies":[{"name":"wp","href":"https:\/\/api.w.org\/{rel}","templated":true}]}}