{"id":53,"date":"2022-04-30T16:35:57","date_gmt":"2022-04-30T08:35:57","guid":{"rendered":"https:\/\/widermatrix.com\/?page_id=53"},"modified":"2025-08-20T18:10:47","modified_gmt":"2025-08-20T10:10:47","slug":"pongase-en-contacto-con","status":"publish","type":"page","link":"https:\/\/widermatrix.com\/es\/contact\/","title":{"rendered":"P\u00f3ngase en contacto con"},"content":{"rendered":"<h3>la mejor m\u00e1quina de ingresos es<\/h3>\n<h1>\u00a1a un paso!<\/h1>\n<p><img decoding=\"async\" title=\"dean-whatsapp\" src=\"https:\/\/widermatrix.com\/wp-content\/uploads\/elementor\/thumbs\/dean-whatsapp-po4zxr2iygnsc2khr3sixhhpuwb02f1cqlw3a7ixe0.png\" alt=\"dean-whatsapp\" \/><\/p>\n<p><strong>No dude en ponerse en contacto con nosotros si tiene alguna pregunta o duda.<\/strong><\/p>\n<p>2nd Floor, No. 88, Shale Street, Fuhua East Road, Shiqiao, Panyu District, Guangzhou. Wider Matrix (Guangzhou) Technology Co., Ltd.<\/p>\n<p>511400 China<\/p>\n<h4>P\u00f3ngase en contacto con nosotros<\/h4>\n<ul>\n<li>Tel: +86 136 4300 5943<\/li>\n<li>Correo electr\u00f3nico: dean@widermatrix.com<\/li>\n<\/ul>","protected":false},"excerpt":{"rendered":"<p>\u00a1la mejor m\u00e1quina de ingresos est\u00e1 a un paso! \u00a1No dude en ponerse en contacto con cualquier pregunta o preocupaci\u00f3n! 2nd Floor, No. 88, Shale Street, Fuhua East Road, Shiqiao, Panyu District, Guangzhou. Wider Matrix (Guangzhou) Technology Co., Ltd. 511400 China Contacto Tel\u00e9fono: +86 136 4300 5943 Correo electr\u00f3nico: dean@widermatrix.com<\/p>","protected":false},"author":1,"featured_media":0,"parent":0,"menu_order":0,"comment_status":"closed","ping_status":"closed","template":"","meta":{"_acf_changed":false,"_yoast_wpseo_title":"","_yoast_wpseo_metadesc":"","site-sidebar-layout":"default","site-content-layout":"default","ast-site-content-layout":"default","site-content-style":"default","site-sidebar-style":"default","ast-global-header-display":"","ast-banner-title-visibility":"","ast-main-header-display":"","ast-hfb-above-header-display":"","ast-hfb-below-header-display":"","ast-hfb-mobile-header-display":"","site-post-title":"","ast-breadcrumbs-content":"","ast-featured-img":"","footer-sml-layout":"","ast-disable-related-posts":"","theme-transparent-header-meta":"default","adv-header-id-meta":"","stick-header-meta":"","header-above-stick-meta":"","header-main-stick-meta":"","header-below-stick-meta":"","astra-migrate-meta-layouts":"default","ast-page-background-enabled":"default","ast-page-background-meta":{"desktop":{"background-color":"var(--ast-global-color-4)","background-image":"","background-repeat":"repeat","background-position":"center center","background-size":"auto","background-attachment":"scroll","background-type":"","background-media":"","overlay-type":"","overlay-color":"","overlay-opacity":"","overlay-gradient":""},"tablet":{"background-color":"","background-image":"","background-repeat":"repeat","background-position":"center center","background-size":"auto","background-attachment":"scroll","background-type":"","background-media":"","overlay-type":"","overlay-color":"","overlay-opacity":"","overlay-gradient":""},"mobile":{"background-color":"","background-image":"","background-repeat":"repeat","background-position":"center center","background-size":"auto","background-attachment":"scroll","background-type":"","background-media":"","overlay-type":"","overlay-color":"","overlay-opacity":"","overlay-gradient":""}},"ast-content-background-meta":{"desktop":{"background-color":"var(--ast-global-color-5)","background-image":"","background-repeat":"repeat","background-position":"center center","background-size":"auto","background-attachment":"scroll","background-type":"","background-media":"","overlay-type":"","overlay-color":"","overlay-opacity":"","overlay-gradient":""},"tablet":{"background-color":"var(--ast-global-color-5)","background-image":"","background-repeat":"repeat","background-position":"center center","background-size":"auto","background-attachment":"scroll","background-type":"","background-media":"","overlay-type":"","overlay-color":"","overlay-opacity":"","overlay-gradient":""},"mobile":{"background-color":"var(--ast-global-color-5)","background-image":"","background-repeat":"repeat","background-position":"center center","background-size":"auto","background-attachment":"scroll","background-type":"","background-media":"","overlay-type":"","overlay-color":"","overlay-opacity":"","overlay-gradient":""}},"footnotes":""},"class_list":["post-53","page","type-page","status-publish","hentry"],"acf":[],"yoast_head":"<!-- This site is optimized with the Yoast SEO plugin v27.3 - https:\/\/yoast.com\/product\/yoast-seo-wordpress\/ -->\n<title>Contact - Wider Matrix - Automatic Cotton Candy Vending Machine<\/title>\n<meta name=\"robots\" content=\"index, follow, max-snippet:-1, max-image-preview:large, max-video-preview:-1\" \/>\n<link rel=\"canonical\" href=\"https:\/\/widermatrix.com\/es\/pongase-en-contacto-con\/\" \/>\n<meta property=\"og:locale\" content=\"es_MX\" \/>\n<meta property=\"og:type\" content=\"article\" \/>\n<meta property=\"og:title\" content=\"Contact - Wider Matrix - Automatic Cotton Candy Vending Machine\" \/>\n<meta property=\"og:description\" content=\"the best revenue Machine is one step away! Feel free to reach out with any questions or concerns! 2nd Floor, No. 88, Shale Street, Fuhua East Road, Shiqiao, Panyu District, Guangzhou. Wider Matrix (Guangzhou) Technology Co., Ltd. 511400 China Contact us Phone: +86 136 4300 5943 Email: dean@widermatrix.com\" \/>\n<meta property=\"og:url\" content=\"https:\/\/widermatrix.com\/es\/pongase-en-contacto-con\/\" \/>\n<meta property=\"og:site_name\" content=\"Wider Matrix - Automatic Cotton Candy Vending Machine\" \/>\n<meta property=\"article:modified_time\" content=\"2025-08-20T10:10:47+00:00\" \/>\n<meta property=\"og:image\" content=\"https:\/\/widermatrix.com\/wp-content\/uploads\/elementor\/thumbs\/dean-whatsapp-po4zxr2iygnsc2khr3sixhhpuwb02f1cqlw3a7ixe0.png\" \/>\n<meta name=\"twitter:card\" content=\"summary_large_image\" \/>\n<meta name=\"twitter:label1\" content=\"Tiempo de lectura\" \/>\n\t<meta name=\"twitter:data1\" content=\"1 minuto\" \/>\n<script type=\"application\/ld+json\" class=\"yoast-schema-graph\">{\"@context\":\"https:\\\/\\\/schema.org\",\"@graph\":[{\"@type\":\"WebPage\",\"@id\":\"https:\\\/\\\/widermatrix.com\\\/contact\\\/\",\"url\":\"https:\\\/\\\/widermatrix.com\\\/contact\\\/\",\"name\":\"Contact - Wider Matrix - Automatic Cotton Candy Vending Machine\",\"isPartOf\":{\"@id\":\"https:\\\/\\\/widermatrix.com\\\/#website\"},\"primaryImageOfPage\":{\"@id\":\"https:\\\/\\\/widermatrix.com\\\/contact\\\/#primaryimage\"},\"image\":{\"@id\":\"https:\\\/\\\/widermatrix.com\\\/contact\\\/#primaryimage\"},\"thumbnailUrl\":\"https:\\\/\\\/widermatrix.com\\\/wp-content\\\/uploads\\\/elementor\\\/thumbs\\\/dean-whatsapp-po4zxr2iygnsc2khr3sixhhpuwb02f1cqlw3a7ixe0.png\",\"datePublished\":\"2022-04-30T08:35:57+00:00\",\"dateModified\":\"2025-08-20T10:10:47+00:00\",\"breadcrumb\":{\"@id\":\"https:\\\/\\\/widermatrix.com\\\/contact\\\/#breadcrumb\"},\"inLanguage\":\"es\",\"potentialAction\":[{\"@type\":\"ReadAction\",\"target\":[\"https:\\\/\\\/widermatrix.com\\\/contact\\\/\"]}]},{\"@type\":\"ImageObject\",\"inLanguage\":\"es\",\"@id\":\"https:\\\/\\\/widermatrix.com\\\/contact\\\/#primaryimage\",\"url\":\"https:\\\/\\\/widermatrix.com\\\/wp-content\\\/uploads\\\/elementor\\\/thumbs\\\/dean-whatsapp-po4zxr2iygnsc2khr3sixhhpuwb02f1cqlw3a7ixe0.png\",\"contentUrl\":\"https:\\\/\\\/widermatrix.com\\\/wp-content\\\/uploads\\\/elementor\\\/thumbs\\\/dean-whatsapp-po4zxr2iygnsc2khr3sixhhpuwb02f1cqlw3a7ixe0.png\"},{\"@type\":\"BreadcrumbList\",\"@id\":\"https:\\\/\\\/widermatrix.com\\\/contact\\\/#breadcrumb\",\"itemListElement\":[{\"@type\":\"ListItem\",\"position\":1,\"name\":\"Home\",\"item\":\"https:\\\/\\\/widermatrix.com\\\/\"},{\"@type\":\"ListItem\",\"position\":2,\"name\":\"Contact\"}]},{\"@type\":\"WebSite\",\"@id\":\"https:\\\/\\\/widermatrix.com\\\/#website\",\"url\":\"https:\\\/\\\/widermatrix.com\\\/\",\"name\":\"Wider Matrix - Automatic Cotton Candy Vending Machine\",\"description\":\"Blue Ocean products in the vending machine industry\uff01\",\"publisher\":{\"@id\":\"https:\\\/\\\/widermatrix.com\\\/#organization\"},\"potentialAction\":[{\"@type\":\"SearchAction\",\"target\":{\"@type\":\"EntryPoint\",\"urlTemplate\":\"https:\\\/\\\/widermatrix.com\\\/?s={search_term_string}\"},\"query-input\":{\"@type\":\"PropertyValueSpecification\",\"valueRequired\":true,\"valueName\":\"search_term_string\"}}],\"inLanguage\":\"es\"},{\"@type\":\"Organization\",\"@id\":\"https:\\\/\\\/widermatrix.com\\\/#organization\",\"name\":\"Wider Matrix - Automatic Cotton Candy Vending Machine\",\"url\":\"https:\\\/\\\/widermatrix.com\\\/\",\"logo\":{\"@type\":\"ImageObject\",\"inLanguage\":\"es\",\"@id\":\"https:\\\/\\\/widermatrix.com\\\/#\\\/schema\\\/logo\\\/image\\\/\",\"url\":\"https:\\\/\\\/widermatrix.com\\\/wp-content\\\/uploads\\\/2022\\\/04\\\/cropped-website-logo.png\",\"contentUrl\":\"https:\\\/\\\/widermatrix.com\\\/wp-content\\\/uploads\\\/2022\\\/04\\\/cropped-website-logo.png\",\"width\":250,\"height\":120,\"caption\":\"Wider Matrix - Automatic Cotton Candy Vending Machine\"},\"image\":{\"@id\":\"https:\\\/\\\/widermatrix.com\\\/#\\\/schema\\\/logo\\\/image\\\/\"}}]}<\/script>\n<!-- \/ Yoast SEO plugin. -->","yoast_head_json":{"title":"Contacto - Wider Matrix - M\u00e1quina expendedora autom\u00e1tica de algod\u00f3n de az\u00facar","robots":{"index":"index","follow":"follow","max-snippet":"max-snippet:-1","max-image-preview":"max-image-preview:large","max-video-preview":"max-video-preview:-1"},"canonical":"https:\/\/widermatrix.com\/es\/pongase-en-contacto-con\/","og_locale":"es_MX","og_type":"article","og_title":"Contact - Wider Matrix - Automatic Cotton Candy Vending Machine","og_description":"the best revenue Machine is one step away! Feel free to reach out with any questions or concerns! 2nd Floor, No. 88, Shale Street, Fuhua East Road, Shiqiao, Panyu District, Guangzhou. Wider Matrix (Guangzhou) Technology Co., Ltd. 511400 China Contact us Phone: +86 136 4300 5943 Email: dean@widermatrix.com","og_url":"https:\/\/widermatrix.com\/es\/pongase-en-contacto-con\/","og_site_name":"Wider Matrix - Automatic Cotton Candy Vending Machine","article_modified_time":"2025-08-20T10:10:47+00:00","og_image":[{"url":"https:\/\/widermatrix.com\/wp-content\/uploads\/elementor\/thumbs\/dean-whatsapp-po4zxr2iygnsc2khr3sixhhpuwb02f1cqlw3a7ixe0.png","type":"","width":"","height":""}],"twitter_card":"summary_large_image","twitter_misc":{"Tiempo de lectura":"1 minuto"},"schema":{"@context":"https:\/\/schema.org","@graph":[{"@type":"WebPage","@id":"https:\/\/widermatrix.com\/contact\/","url":"https:\/\/widermatrix.com\/contact\/","name":"Contacto - Wider Matrix - M\u00e1quina expendedora autom\u00e1tica de algod\u00f3n de az\u00facar","isPartOf":{"@id":"https:\/\/widermatrix.com\/#website"},"primaryImageOfPage":{"@id":"https:\/\/widermatrix.com\/contact\/#primaryimage"},"image":{"@id":"https:\/\/widermatrix.com\/contact\/#primaryimage"},"thumbnailUrl":"https:\/\/widermatrix.com\/wp-content\/uploads\/elementor\/thumbs\/dean-whatsapp-po4zxr2iygnsc2khr3sixhhpuwb02f1cqlw3a7ixe0.png","datePublished":"2022-04-30T08:35:57+00:00","dateModified":"2025-08-20T10:10:47+00:00","breadcrumb":{"@id":"https:\/\/widermatrix.com\/contact\/#breadcrumb"},"inLanguage":"es","potentialAction":[{"@type":"ReadAction","target":["https:\/\/widermatrix.com\/contact\/"]}]},{"@type":"ImageObject","inLanguage":"es","@id":"https:\/\/widermatrix.com\/contact\/#primaryimage","url":"https:\/\/widermatrix.com\/wp-content\/uploads\/elementor\/thumbs\/dean-whatsapp-po4zxr2iygnsc2khr3sixhhpuwb02f1cqlw3a7ixe0.png","contentUrl":"https:\/\/widermatrix.com\/wp-content\/uploads\/elementor\/thumbs\/dean-whatsapp-po4zxr2iygnsc2khr3sixhhpuwb02f1cqlw3a7ixe0.png"},{"@type":"BreadcrumbList","@id":"https:\/\/widermatrix.com\/contact\/#breadcrumb","itemListElement":[{"@type":"ListItem","position":1,"name":"Home","item":"https:\/\/widermatrix.com\/"},{"@type":"ListItem","position":2,"name":"Contact"}]},{"@type":"WebSite","@id":"https:\/\/widermatrix.com\/#website","url":"https:\/\/widermatrix.com\/","name":"Wider Matrix - M\u00e1quina expendedora autom\u00e1tica de algod\u00f3n de az\u00facar","description":"Productos Blue Ocean en el sector de las m\u00e1quinas expendedoras\uff01.","publisher":{"@id":"https:\/\/widermatrix.com\/#organization"},"potentialAction":[{"@type":"SearchAction","target":{"@type":"EntryPoint","urlTemplate":"https:\/\/widermatrix.com\/?s={search_term_string}"},"query-input":{"@type":"PropertyValueSpecification","valueRequired":true,"valueName":"search_term_string"}}],"inLanguage":"es"},{"@type":"Organization","@id":"https:\/\/widermatrix.com\/#organization","name":"Wider Matrix - M\u00e1quina expendedora autom\u00e1tica de algod\u00f3n de az\u00facar","url":"https:\/\/widermatrix.com\/","logo":{"@type":"ImageObject","inLanguage":"es","@id":"https:\/\/widermatrix.com\/#\/schema\/logo\/image\/","url":"https:\/\/widermatrix.com\/wp-content\/uploads\/2022\/04\/cropped-website-logo.png","contentUrl":"https:\/\/widermatrix.com\/wp-content\/uploads\/2022\/04\/cropped-website-logo.png","width":250,"height":120,"caption":"Wider Matrix - Automatic Cotton Candy Vending Machine"},"image":{"@id":"https:\/\/widermatrix.com\/#\/schema\/logo\/image\/"}}]}},"_links":{"self":[{"href":"https:\/\/widermatrix.com\/es\/wp-json\/wp\/v2\/pages\/53","targetHints":{"allow":["GET"]}}],"collection":[{"href":"https:\/\/widermatrix.com\/es\/wp-json\/wp\/v2\/pages"}],"about":[{"href":"https:\/\/widermatrix.com\/es\/wp-json\/wp\/v2\/types\/page"}],"author":[{"embeddable":true,"href":"https:\/\/widermatrix.com\/es\/wp-json\/wp\/v2\/users\/1"}],"replies":[{"embeddable":true,"href":"https:\/\/widermatrix.com\/es\/wp-json\/wp\/v2\/comments?post=53"}],"version-history":[{"count":98,"href":"https:\/\/widermatrix.com\/es\/wp-json\/wp\/v2\/pages\/53\/revisions"}],"predecessor-version":[{"id":4998,"href":"https:\/\/widermatrix.com\/es\/wp-json\/wp\/v2\/pages\/53\/revisions\/4998"}],"wp:attachment":[{"href":"https:\/\/widermatrix.com\/es\/wp-json\/wp\/v2\/media?parent=53"}],"curies":[{"name":"wp","href":"https:\/\/api.w.org\/{rel}","templated":true}]}}