{"id":4958,"date":"2025-08-16T15:12:20","date_gmt":"2025-08-16T07:12:20","guid":{"rendered":"https:\/\/widermatrix.com\/?page_id=4958"},"modified":"2025-08-16T15:12:20","modified_gmt":"2025-08-16T07:12:20","slug":"blog","status":"publish","type":"page","link":"https:\/\/widermatrix.com\/es\/blog\/","title":{"rendered":"Blog"},"content":{"rendered":"","protected":false},"excerpt":{"rendered":"","protected":false},"author":7,"featured_media":0,"parent":0,"menu_order":0,"comment_status":"closed","ping_status":"closed","template":"page-blog.php","meta":{"_acf_changed":false,"_yoast_wpseo_title":"Vending Machine Industry Blog | Latest Trends & Business Insights","_yoast_wpseo_metadesc":"Discover the latest vending machine industry trends, business opportunities, and technology insights. Expert advice on cotton candy machines, phone case vending, and automated retail solutions from Wider Matrix.","site-sidebar-layout":"default","site-content-layout":"default","ast-site-content-layout":"default","site-content-style":"default","site-sidebar-style":"default","ast-global-header-display":"","ast-banner-title-visibility":"","ast-main-header-display":"","ast-hfb-above-header-display":"","ast-hfb-below-header-display":"","ast-hfb-mobile-header-display":"","site-post-title":"","ast-breadcrumbs-content":"","ast-featured-img":"","footer-sml-layout":"","ast-disable-related-posts":"","theme-transparent-header-meta":"default","adv-header-id-meta":"","stick-header-meta":"","header-above-stick-meta":"","header-main-stick-meta":"","header-below-stick-meta":"","astra-migrate-meta-layouts":"default","ast-page-background-enabled":"default","ast-page-background-meta":{"desktop":{"background-color":"var(--ast-global-color-4)","background-image":"","background-repeat":"repeat","background-position":"center center","background-size":"auto","background-attachment":"scroll","background-type":"","background-media":"","overlay-type":"","overlay-color":"","overlay-opacity":"","overlay-gradient":""},"tablet":{"background-color":"","background-image":"","background-repeat":"repeat","background-position":"center center","background-size":"auto","background-attachment":"scroll","background-type":"","background-media":"","overlay-type":"","overlay-color":"","overlay-opacity":"","overlay-gradient":""},"mobile":{"background-color":"","background-image":"","background-repeat":"repeat","background-position":"center center","background-size":"auto","background-attachment":"scroll","background-type":"","background-media":"","overlay-type":"","overlay-color":"","overlay-opacity":"","overlay-gradient":""}},"ast-content-background-meta":{"desktop":{"background-color":"var(--ast-global-color-5)","background-image":"","background-repeat":"repeat","background-position":"center center","background-size":"auto","background-attachment":"scroll","background-type":"","background-media":"","overlay-type":"","overlay-color":"","overlay-opacity":"","overlay-gradient":""},"tablet":{"background-color":"var(--ast-global-color-5)","background-image":"","background-repeat":"repeat","background-position":"center center","background-size":"auto","background-attachment":"scroll","background-type":"","background-media":"","overlay-type":"","overlay-color":"","overlay-opacity":"","overlay-gradient":""},"mobile":{"background-color":"var(--ast-global-color-5)","background-image":"","background-repeat":"repeat","background-position":"center center","background-size":"auto","background-attachment":"scroll","background-type":"","background-media":"","overlay-type":"","overlay-color":"","overlay-opacity":"","overlay-gradient":""}},"footnotes":""},"class_list":["post-4958","page","type-page","status-publish","hentry"],"acf":[],"yoast_head":"<!-- This site is optimized with the Yoast SEO plugin v27.3 - https:\/\/yoast.com\/product\/yoast-seo-wordpress\/ -->\n<title>Vending Machine Industry Blog | Latest Trends &amp; Business Insights<\/title>\n<meta name=\"description\" content=\"Discover the latest vending machine industry trends, business opportunities, and technology insights. Expert advice on cotton candy machines, phone case vending, and automated retail solutions from Wider Matrix.\" \/>\n<meta name=\"robots\" content=\"index, follow, max-snippet:-1, max-image-preview:large, max-video-preview:-1\" \/>\n<link rel=\"canonical\" href=\"https:\/\/widermatrix.com\/es\/blog\/\" \/>\n<meta property=\"og:locale\" content=\"es_MX\" \/>\n<meta property=\"og:type\" content=\"article\" \/>\n<meta property=\"og:title\" content=\"Vending Machine Industry Blog | Latest Trends &amp; Business Insights\" \/>\n<meta property=\"og:description\" content=\"Discover the latest vending machine industry trends, business opportunities, and technology insights. Expert advice on cotton candy machines, phone case vending, and automated retail solutions from Wider Matrix.\" \/>\n<meta property=\"og:url\" content=\"https:\/\/widermatrix.com\/es\/blog\/\" \/>\n<meta property=\"og:site_name\" content=\"Wider Matrix - Automatic Cotton Candy Vending Machine\" \/>\n<meta name=\"twitter:card\" content=\"summary_large_image\" \/>\n<script type=\"application\/ld+json\" class=\"yoast-schema-graph\">{\"@context\":\"https:\\\/\\\/schema.org\",\"@graph\":[{\"@type\":\"WebPage\",\"@id\":\"https:\\\/\\\/widermatrix.com\\\/blog\\\/\",\"url\":\"https:\\\/\\\/widermatrix.com\\\/blog\\\/\",\"name\":\"Vending Machine Industry Blog | Latest Trends & Business Insights\",\"isPartOf\":{\"@id\":\"https:\\\/\\\/widermatrix.com\\\/#website\"},\"datePublished\":\"2025-08-16T07:12:20+00:00\",\"description\":\"Discover the latest vending machine industry trends, business opportunities, and technology insights. Expert advice on cotton candy machines, phone case vending, and automated retail solutions from Wider Matrix.\",\"breadcrumb\":{\"@id\":\"https:\\\/\\\/widermatrix.com\\\/blog\\\/#breadcrumb\"},\"inLanguage\":\"es\",\"potentialAction\":[{\"@type\":\"ReadAction\",\"target\":[\"https:\\\/\\\/widermatrix.com\\\/blog\\\/\"]}]},{\"@type\":\"BreadcrumbList\",\"@id\":\"https:\\\/\\\/widermatrix.com\\\/blog\\\/#breadcrumb\",\"itemListElement\":[{\"@type\":\"ListItem\",\"position\":1,\"name\":\"Home\",\"item\":\"https:\\\/\\\/widermatrix.com\\\/\"},{\"@type\":\"ListItem\",\"position\":2,\"name\":\"Blog\"}]},{\"@type\":\"WebSite\",\"@id\":\"https:\\\/\\\/widermatrix.com\\\/#website\",\"url\":\"https:\\\/\\\/widermatrix.com\\\/\",\"name\":\"Wider Matrix - Automatic Cotton Candy Vending Machine\",\"description\":\"Blue Ocean products in the vending machine industry\uff01\",\"publisher\":{\"@id\":\"https:\\\/\\\/widermatrix.com\\\/#organization\"},\"potentialAction\":[{\"@type\":\"SearchAction\",\"target\":{\"@type\":\"EntryPoint\",\"urlTemplate\":\"https:\\\/\\\/widermatrix.com\\\/?s={search_term_string}\"},\"query-input\":{\"@type\":\"PropertyValueSpecification\",\"valueRequired\":true,\"valueName\":\"search_term_string\"}}],\"inLanguage\":\"es\"},{\"@type\":\"Organization\",\"@id\":\"https:\\\/\\\/widermatrix.com\\\/#organization\",\"name\":\"Wider Matrix - Automatic Cotton Candy Vending Machine\",\"url\":\"https:\\\/\\\/widermatrix.com\\\/\",\"logo\":{\"@type\":\"ImageObject\",\"inLanguage\":\"es\",\"@id\":\"https:\\\/\\\/widermatrix.com\\\/#\\\/schema\\\/logo\\\/image\\\/\",\"url\":\"https:\\\/\\\/widermatrix.com\\\/wp-content\\\/uploads\\\/2022\\\/04\\\/cropped-website-logo.png\",\"contentUrl\":\"https:\\\/\\\/widermatrix.com\\\/wp-content\\\/uploads\\\/2022\\\/04\\\/cropped-website-logo.png\",\"width\":250,\"height\":120,\"caption\":\"Wider Matrix - Automatic Cotton Candy Vending Machine\"},\"image\":{\"@id\":\"https:\\\/\\\/widermatrix.com\\\/#\\\/schema\\\/logo\\\/image\\\/\"}}]}<\/script>\n<!-- \/ Yoast SEO plugin. -->","yoast_head_json":{"title":"Blog de la industria de las m\u00e1quinas expendedoras | \u00daltimas tendencias y perspectivas de negocio","description":"Descubra las \u00faltimas tendencias del sector de las m\u00e1quinas expendedoras, oportunidades de negocio y perspectivas tecnol\u00f3gicas. Asesoramiento experto sobre m\u00e1quinas de algod\u00f3n de az\u00facar, expendedoras de fundas de tel\u00e9fono y soluciones automatizadas de venta al por menor de Wider Matrix.","robots":{"index":"index","follow":"follow","max-snippet":"max-snippet:-1","max-image-preview":"max-image-preview:large","max-video-preview":"max-video-preview:-1"},"canonical":"https:\/\/widermatrix.com\/es\/blog\/","og_locale":"es_MX","og_type":"article","og_title":"Vending Machine Industry Blog | Latest Trends & Business Insights","og_description":"Discover the latest vending machine industry trends, business opportunities, and technology insights. Expert advice on cotton candy machines, phone case vending, and automated retail solutions from Wider Matrix.","og_url":"https:\/\/widermatrix.com\/es\/blog\/","og_site_name":"Wider Matrix - Automatic Cotton Candy Vending Machine","twitter_card":"summary_large_image","schema":{"@context":"https:\/\/schema.org","@graph":[{"@type":"WebPage","@id":"https:\/\/widermatrix.com\/blog\/","url":"https:\/\/widermatrix.com\/blog\/","name":"Blog de la industria de las m\u00e1quinas expendedoras | \u00daltimas tendencias y perspectivas de negocio","isPartOf":{"@id":"https:\/\/widermatrix.com\/#website"},"datePublished":"2025-08-16T07:12:20+00:00","description":"Descubra las \u00faltimas tendencias del sector de las m\u00e1quinas expendedoras, oportunidades de negocio y perspectivas tecnol\u00f3gicas. Asesoramiento experto sobre m\u00e1quinas de algod\u00f3n de az\u00facar, expendedoras de fundas de tel\u00e9fono y soluciones automatizadas de venta al por menor de Wider Matrix.","breadcrumb":{"@id":"https:\/\/widermatrix.com\/blog\/#breadcrumb"},"inLanguage":"es","potentialAction":[{"@type":"ReadAction","target":["https:\/\/widermatrix.com\/blog\/"]}]},{"@type":"BreadcrumbList","@id":"https:\/\/widermatrix.com\/blog\/#breadcrumb","itemListElement":[{"@type":"ListItem","position":1,"name":"Home","item":"https:\/\/widermatrix.com\/"},{"@type":"ListItem","position":2,"name":"Blog"}]},{"@type":"WebSite","@id":"https:\/\/widermatrix.com\/#website","url":"https:\/\/widermatrix.com\/","name":"Wider Matrix - M\u00e1quina expendedora autom\u00e1tica de algod\u00f3n de az\u00facar","description":"Productos Blue Ocean en el sector de las m\u00e1quinas expendedoras\uff01.","publisher":{"@id":"https:\/\/widermatrix.com\/#organization"},"potentialAction":[{"@type":"SearchAction","target":{"@type":"EntryPoint","urlTemplate":"https:\/\/widermatrix.com\/?s={search_term_string}"},"query-input":{"@type":"PropertyValueSpecification","valueRequired":true,"valueName":"search_term_string"}}],"inLanguage":"es"},{"@type":"Organization","@id":"https:\/\/widermatrix.com\/#organization","name":"Wider Matrix - M\u00e1quina expendedora autom\u00e1tica de algod\u00f3n de az\u00facar","url":"https:\/\/widermatrix.com\/","logo":{"@type":"ImageObject","inLanguage":"es","@id":"https:\/\/widermatrix.com\/#\/schema\/logo\/image\/","url":"https:\/\/widermatrix.com\/wp-content\/uploads\/2022\/04\/cropped-website-logo.png","contentUrl":"https:\/\/widermatrix.com\/wp-content\/uploads\/2022\/04\/cropped-website-logo.png","width":250,"height":120,"caption":"Wider Matrix - Automatic Cotton Candy Vending Machine"},"image":{"@id":"https:\/\/widermatrix.com\/#\/schema\/logo\/image\/"}}]}},"_links":{"self":[{"href":"https:\/\/widermatrix.com\/es\/wp-json\/wp\/v2\/pages\/4958","targetHints":{"allow":["GET"]}}],"collection":[{"href":"https:\/\/widermatrix.com\/es\/wp-json\/wp\/v2\/pages"}],"about":[{"href":"https:\/\/widermatrix.com\/es\/wp-json\/wp\/v2\/types\/page"}],"author":[{"embeddable":true,"href":"https:\/\/widermatrix.com\/es\/wp-json\/wp\/v2\/users\/7"}],"replies":[{"embeddable":true,"href":"https:\/\/widermatrix.com\/es\/wp-json\/wp\/v2\/comments?post=4958"}],"version-history":[{"count":1,"href":"https:\/\/widermatrix.com\/es\/wp-json\/wp\/v2\/pages\/4958\/revisions"}],"predecessor-version":[{"id":4959,"href":"https:\/\/widermatrix.com\/es\/wp-json\/wp\/v2\/pages\/4958\/revisions\/4959"}],"wp:attachment":[{"href":"https:\/\/widermatrix.com\/es\/wp-json\/wp\/v2\/media?parent=4958"}],"curies":[{"name":"wp","href":"https:\/\/api.w.org\/{rel}","templated":true}]}}