{"id":2080,"date":"2022-12-06T11:04:52","date_gmt":"2022-12-06T03:04:52","guid":{"rendered":"https:\/\/widermatrix.com\/?page_id=2080"},"modified":"2022-12-06T19:40:01","modified_gmt":"2022-12-06T11:40:01","slug":"christmas","status":"publish","type":"page","link":"https:\/\/widermatrix.com\/es\/christmas\/","title":{"rendered":"Navidad"},"content":{"rendered":"<p><img decoding=\"async\" width=\"480\" height=\"620\" src=\"https:\/\/widermatrix.com\/wp-content\/uploads\/2022\/12\/C.webp\" alt=\"\" loading=\"lazy\" srcset=\"https:\/\/widermatrix.com\/wp-content\/uploads\/2022\/12\/C.webp 480w, https:\/\/widermatrix.com\/wp-content\/uploads\/2022\/12\/C-232x300.webp 232w\" sizes=\"auto, (max-width: 480px) 100vw, 480px\" \/><br \/>\n\t\t\t\t\t\t\t\t\t\t\t\t\t\t\t\t<a href=\"https:\/\/widermatrix.com\/es\/producto\/maquina-expendedora-automatica-de-algodon-de-azucar\/\"><br \/>\n\t\t\t\t\t\t\t<img decoding=\"async\" width=\"480\" height=\"620\" src=\"https:\/\/widermatrix.com\/wp-content\/uploads\/2022\/12\/1580.webp\" alt=\"\" loading=\"lazy\" srcset=\"https:\/\/widermatrix.com\/wp-content\/uploads\/2022\/12\/1580.webp 480w, https:\/\/widermatrix.com\/wp-content\/uploads\/2022\/12\/1580-232x300.webp 232w\" sizes=\"auto, (max-width: 480px) 100vw, 480px\" \/>\t\t\t\t\t\t\t\t<\/a><br \/>\n\t\t\t\t\t\t\t\t\t\t\t\t\t\t\t<img decoding=\"async\" width=\"480\" height=\"620\" src=\"https:\/\/widermatrix.com\/wp-content\/uploads\/2022\/12\/660.webp\" alt=\"\" loading=\"lazy\" srcset=\"https:\/\/widermatrix.com\/wp-content\/uploads\/2022\/12\/660.webp 480w, https:\/\/widermatrix.com\/wp-content\/uploads\/2022\/12\/660-232x300.webp 232w\" sizes=\"auto, (max-width: 480px) 100vw, 480px\" \/><br \/>\n\t\t\t<a href=\"#product\" role=\"button\"><br \/>\n\t\t\t\t\t\tProductos de More<br \/>\n\t\t\t\t\t<\/a><\/p>","protected":false},"excerpt":{"rendered":"<p>Productos de More<\/p>","protected":false},"author":1,"featured_media":0,"parent":0,"menu_order":0,"comment_status":"closed","ping_status":"closed","template":"","meta":{"_acf_changed":false,"_yoast_wpseo_title":"","_yoast_wpseo_metadesc":"","site-sidebar-layout":"default","site-content-layout":"","ast-site-content-layout":"default","site-content-style":"default","site-sidebar-style":"default","ast-global-header-display":"","ast-banner-title-visibility":"","ast-main-header-display":"","ast-hfb-above-header-display":"","ast-hfb-below-header-display":"","ast-hfb-mobile-header-display":"","site-post-title":"","ast-breadcrumbs-content":"","ast-featured-img":"","footer-sml-layout":"","ast-disable-related-posts":"","theme-transparent-header-meta":"","adv-header-id-meta":"","stick-header-meta":"","header-above-stick-meta":"","header-main-stick-meta":"","header-below-stick-meta":"","astra-migrate-meta-layouts":"default","ast-page-background-enabled":"default","ast-page-background-meta":{"desktop":{"background-color":"var(--ast-global-color-4)","background-image":"","background-repeat":"repeat","background-position":"center center","background-size":"auto","background-attachment":"scroll","background-type":"","background-media":"","overlay-type":"","overlay-color":"","overlay-opacity":"","overlay-gradient":""},"tablet":{"background-color":"","background-image":"","background-repeat":"repeat","background-position":"center center","background-size":"auto","background-attachment":"scroll","background-type":"","background-media":"","overlay-type":"","overlay-color":"","overlay-opacity":"","overlay-gradient":""},"mobile":{"background-color":"","background-image":"","background-repeat":"repeat","background-position":"center center","background-size":"auto","background-attachment":"scroll","background-type":"","background-media":"","overlay-type":"","overlay-color":"","overlay-opacity":"","overlay-gradient":""}},"ast-content-background-meta":{"desktop":{"background-color":"var(--ast-global-color-5)","background-image":"","background-repeat":"repeat","background-position":"center center","background-size":"auto","background-attachment":"scroll","background-type":"","background-media":"","overlay-type":"","overlay-color":"","overlay-opacity":"","overlay-gradient":""},"tablet":{"background-color":"var(--ast-global-color-5)","background-image":"","background-repeat":"repeat","background-position":"center center","background-size":"auto","background-attachment":"scroll","background-type":"","background-media":"","overlay-type":"","overlay-color":"","overlay-opacity":"","overlay-gradient":""},"mobile":{"background-color":"var(--ast-global-color-5)","background-image":"","background-repeat":"repeat","background-position":"center center","background-size":"auto","background-attachment":"scroll","background-type":"","background-media":"","overlay-type":"","overlay-color":"","overlay-opacity":"","overlay-gradient":""}},"footnotes":""},"class_list":["post-2080","page","type-page","status-publish","hentry"],"acf":[],"yoast_head":"<!-- This site is optimized with the Yoast SEO plugin v27.3 - https:\/\/yoast.com\/product\/yoast-seo-wordpress\/ -->\n<title>Christmas - Wider Matrix - Automatic Cotton Candy Vending Machine<\/title>\n<meta name=\"robots\" content=\"index, follow, max-snippet:-1, max-image-preview:large, max-video-preview:-1\" \/>\n<link rel=\"canonical\" href=\"https:\/\/widermatrix.com\/es\/christmas\/\" \/>\n<meta property=\"og:locale\" content=\"es_MX\" \/>\n<meta property=\"og:type\" content=\"article\" \/>\n<meta property=\"og:title\" content=\"Christmas - Wider Matrix - Automatic Cotton Candy Vending Machine\" \/>\n<meta property=\"og:description\" content=\"MOre PRoducts\" \/>\n<meta property=\"og:url\" content=\"https:\/\/widermatrix.com\/es\/christmas\/\" \/>\n<meta property=\"og:site_name\" content=\"Wider Matrix - Automatic Cotton Candy Vending Machine\" \/>\n<meta property=\"article:modified_time\" content=\"2022-12-06T11:40:01+00:00\" \/>\n<meta property=\"og:image\" content=\"https:\/\/widermatrix.com\/wp-content\/uploads\/2022\/12\/C.webp\" \/>\n<meta name=\"twitter:card\" content=\"summary_large_image\" \/>\n<script type=\"application\/ld+json\" class=\"yoast-schema-graph\">{\"@context\":\"https:\\\/\\\/schema.org\",\"@graph\":[{\"@type\":\"WebPage\",\"@id\":\"https:\\\/\\\/widermatrix.com\\\/christmas\\\/\",\"url\":\"https:\\\/\\\/widermatrix.com\\\/christmas\\\/\",\"name\":\"Christmas - Wider Matrix - Automatic Cotton Candy Vending Machine\",\"isPartOf\":{\"@id\":\"https:\\\/\\\/widermatrix.com\\\/#website\"},\"primaryImageOfPage\":{\"@id\":\"https:\\\/\\\/widermatrix.com\\\/christmas\\\/#primaryimage\"},\"image\":{\"@id\":\"https:\\\/\\\/widermatrix.com\\\/christmas\\\/#primaryimage\"},\"thumbnailUrl\":\"https:\\\/\\\/widermatrix.com\\\/wp-content\\\/uploads\\\/2022\\\/12\\\/C.webp\",\"datePublished\":\"2022-12-06T03:04:52+00:00\",\"dateModified\":\"2022-12-06T11:40:01+00:00\",\"breadcrumb\":{\"@id\":\"https:\\\/\\\/widermatrix.com\\\/christmas\\\/#breadcrumb\"},\"inLanguage\":\"es\",\"potentialAction\":[{\"@type\":\"ReadAction\",\"target\":[\"https:\\\/\\\/widermatrix.com\\\/christmas\\\/\"]}]},{\"@type\":\"ImageObject\",\"inLanguage\":\"es\",\"@id\":\"https:\\\/\\\/widermatrix.com\\\/christmas\\\/#primaryimage\",\"url\":\"https:\\\/\\\/widermatrix.com\\\/wp-content\\\/uploads\\\/2022\\\/12\\\/C.webp\",\"contentUrl\":\"https:\\\/\\\/widermatrix.com\\\/wp-content\\\/uploads\\\/2022\\\/12\\\/C.webp\"},{\"@type\":\"BreadcrumbList\",\"@id\":\"https:\\\/\\\/widermatrix.com\\\/christmas\\\/#breadcrumb\",\"itemListElement\":[{\"@type\":\"ListItem\",\"position\":1,\"name\":\"Home\",\"item\":\"https:\\\/\\\/widermatrix.com\\\/\"},{\"@type\":\"ListItem\",\"position\":2,\"name\":\"Christmas\"}]},{\"@type\":\"WebSite\",\"@id\":\"https:\\\/\\\/widermatrix.com\\\/#website\",\"url\":\"https:\\\/\\\/widermatrix.com\\\/\",\"name\":\"Wider Matrix - Automatic Cotton Candy Vending Machine\",\"description\":\"Blue Ocean products in the vending machine industry\uff01\",\"publisher\":{\"@id\":\"https:\\\/\\\/widermatrix.com\\\/#organization\"},\"potentialAction\":[{\"@type\":\"SearchAction\",\"target\":{\"@type\":\"EntryPoint\",\"urlTemplate\":\"https:\\\/\\\/widermatrix.com\\\/?s={search_term_string}\"},\"query-input\":{\"@type\":\"PropertyValueSpecification\",\"valueRequired\":true,\"valueName\":\"search_term_string\"}}],\"inLanguage\":\"es\"},{\"@type\":\"Organization\",\"@id\":\"https:\\\/\\\/widermatrix.com\\\/#organization\",\"name\":\"Wider Matrix - Automatic Cotton Candy Vending Machine\",\"url\":\"https:\\\/\\\/widermatrix.com\\\/\",\"logo\":{\"@type\":\"ImageObject\",\"inLanguage\":\"es\",\"@id\":\"https:\\\/\\\/widermatrix.com\\\/#\\\/schema\\\/logo\\\/image\\\/\",\"url\":\"https:\\\/\\\/widermatrix.com\\\/wp-content\\\/uploads\\\/2022\\\/04\\\/cropped-website-logo.png\",\"contentUrl\":\"https:\\\/\\\/widermatrix.com\\\/wp-content\\\/uploads\\\/2022\\\/04\\\/cropped-website-logo.png\",\"width\":250,\"height\":120,\"caption\":\"Wider Matrix - Automatic Cotton Candy Vending Machine\"},\"image\":{\"@id\":\"https:\\\/\\\/widermatrix.com\\\/#\\\/schema\\\/logo\\\/image\\\/\"}}]}<\/script>\n<!-- \/ Yoast SEO plugin. -->","yoast_head_json":{"title":"Navidad - Matriz Ancha - M\u00e1quina Vendedora Autom\u00e1tica de Algod\u00f3n Candy","robots":{"index":"index","follow":"follow","max-snippet":"max-snippet:-1","max-image-preview":"max-image-preview:large","max-video-preview":"max-video-preview:-1"},"canonical":"https:\/\/widermatrix.com\/es\/christmas\/","og_locale":"es_MX","og_type":"article","og_title":"Christmas - Wider Matrix - Automatic Cotton Candy Vending Machine","og_description":"MOre PRoducts","og_url":"https:\/\/widermatrix.com\/es\/christmas\/","og_site_name":"Wider Matrix - Automatic Cotton Candy Vending Machine","article_modified_time":"2022-12-06T11:40:01+00:00","og_image":[{"url":"https:\/\/widermatrix.com\/wp-content\/uploads\/2022\/12\/C.webp","type":"","width":"","height":""}],"twitter_card":"summary_large_image","schema":{"@context":"https:\/\/schema.org","@graph":[{"@type":"WebPage","@id":"https:\/\/widermatrix.com\/christmas\/","url":"https:\/\/widermatrix.com\/christmas\/","name":"Navidad - Matriz Ancha - M\u00e1quina Vendedora Autom\u00e1tica de Algod\u00f3n Candy","isPartOf":{"@id":"https:\/\/widermatrix.com\/#website"},"primaryImageOfPage":{"@id":"https:\/\/widermatrix.com\/christmas\/#primaryimage"},"image":{"@id":"https:\/\/widermatrix.com\/christmas\/#primaryimage"},"thumbnailUrl":"https:\/\/widermatrix.com\/wp-content\/uploads\/2022\/12\/C.webp","datePublished":"2022-12-06T03:04:52+00:00","dateModified":"2022-12-06T11:40:01+00:00","breadcrumb":{"@id":"https:\/\/widermatrix.com\/christmas\/#breadcrumb"},"inLanguage":"es","potentialAction":[{"@type":"ReadAction","target":["https:\/\/widermatrix.com\/christmas\/"]}]},{"@type":"ImageObject","inLanguage":"es","@id":"https:\/\/widermatrix.com\/christmas\/#primaryimage","url":"https:\/\/widermatrix.com\/wp-content\/uploads\/2022\/12\/C.webp","contentUrl":"https:\/\/widermatrix.com\/wp-content\/uploads\/2022\/12\/C.webp"},{"@type":"BreadcrumbList","@id":"https:\/\/widermatrix.com\/christmas\/#breadcrumb","itemListElement":[{"@type":"ListItem","position":1,"name":"Home","item":"https:\/\/widermatrix.com\/"},{"@type":"ListItem","position":2,"name":"Christmas"}]},{"@type":"WebSite","@id":"https:\/\/widermatrix.com\/#website","url":"https:\/\/widermatrix.com\/","name":"Wider Matrix - M\u00e1quina expendedora autom\u00e1tica de algod\u00f3n de az\u00facar","description":"Productos Blue Ocean en el sector de las m\u00e1quinas expendedoras\uff01.","publisher":{"@id":"https:\/\/widermatrix.com\/#organization"},"potentialAction":[{"@type":"SearchAction","target":{"@type":"EntryPoint","urlTemplate":"https:\/\/widermatrix.com\/?s={search_term_string}"},"query-input":{"@type":"PropertyValueSpecification","valueRequired":true,"valueName":"search_term_string"}}],"inLanguage":"es"},{"@type":"Organization","@id":"https:\/\/widermatrix.com\/#organization","name":"Wider Matrix - M\u00e1quina expendedora autom\u00e1tica de algod\u00f3n de az\u00facar","url":"https:\/\/widermatrix.com\/","logo":{"@type":"ImageObject","inLanguage":"es","@id":"https:\/\/widermatrix.com\/#\/schema\/logo\/image\/","url":"https:\/\/widermatrix.com\/wp-content\/uploads\/2022\/04\/cropped-website-logo.png","contentUrl":"https:\/\/widermatrix.com\/wp-content\/uploads\/2022\/04\/cropped-website-logo.png","width":250,"height":120,"caption":"Wider Matrix - Automatic Cotton Candy Vending Machine"},"image":{"@id":"https:\/\/widermatrix.com\/#\/schema\/logo\/image\/"}}]}},"_links":{"self":[{"href":"https:\/\/widermatrix.com\/es\/wp-json\/wp\/v2\/pages\/2080","targetHints":{"allow":["GET"]}}],"collection":[{"href":"https:\/\/widermatrix.com\/es\/wp-json\/wp\/v2\/pages"}],"about":[{"href":"https:\/\/widermatrix.com\/es\/wp-json\/wp\/v2\/types\/page"}],"author":[{"embeddable":true,"href":"https:\/\/widermatrix.com\/es\/wp-json\/wp\/v2\/users\/1"}],"replies":[{"embeddable":true,"href":"https:\/\/widermatrix.com\/es\/wp-json\/wp\/v2\/comments?post=2080"}],"version-history":[{"count":73,"href":"https:\/\/widermatrix.com\/es\/wp-json\/wp\/v2\/pages\/2080\/revisions"}],"predecessor-version":[{"id":2222,"href":"https:\/\/widermatrix.com\/es\/wp-json\/wp\/v2\/pages\/2080\/revisions\/2222"}],"wp:attachment":[{"href":"https:\/\/widermatrix.com\/es\/wp-json\/wp\/v2\/media?parent=2080"}],"curies":[{"name":"wp","href":"https:\/\/api.w.org\/{rel}","templated":true}]}}